{"id":11747,"date":"2024-12-12T09:52:18","date_gmt":"2024-12-12T08:52:18","guid":{"rendered":"https:\/\/flaesh.com\/legal\/"},"modified":"2025-05-03T19:34:11","modified_gmt":"2025-05-03T17:34:11","slug":"legal","status":"publish","type":"page","link":"https:\/\/flaesh.com\/it\/legal\/","title":{"rendered":"Legal"},"content":{"rendered":"\t\t<div data-elementor-type=\"wp-page\" data-elementor-id=\"11747\" class=\"elementor elementor-11747 elementor-2552\" data-elementor-post-type=\"page\">\n\t\t\t\t<div class=\"elementor-element elementor-element-25c65e43 e-flex e-con-boxed e-con e-parent\" data-id=\"25c65e43\" data-element_type=\"container\" data-e-type=\"container\" data-settings=\"{&quot;background_background&quot;:&quot;classic&quot;}\">\n\t\t\t\t\t<div class=\"e-con-inner\">\n\t\t<div class=\"elementor-element elementor-element-2d5189d e-con-full e-flex e-con e-child\" data-id=\"2d5189d\" data-element_type=\"container\" data-e-type=\"container\">\n\t\t\t\t<div class=\"elementor-element elementor-element-47267965 elementor-widget elementor-widget-heading\" data-id=\"47267965\" data-element_type=\"widget\" data-e-type=\"widget\" data-widget_type=\"heading.default\">\n\t\t\t\t<div class=\"elementor-widget-container\">\n\t\t\t\t\t<h2 class=\"elementor-heading-title elementor-size-default\">Note legali<\/h2>\t\t\t\t<\/div>\n\t\t\t\t<\/div>\n\t\t\t\t<div class=\"elementor-element elementor-element-3fc75ef5 elementor-widget elementor-widget-text-editor\" data-id=\"3fc75ef5\" data-element_type=\"widget\" data-e-type=\"widget\" data-widget_type=\"text-editor.default\">\n\t\t\t\t<div class=\"elementor-widget-container\">\n\t\t\t\t\t\t\t\t\t<p class=\"\" data-start=\"246\" data-end=\"317\"><strong data-start=\"246\" data-end=\"265\">WHITEsmile GmbH<\/strong><br data-start=\"265\" data-end=\"268\" \/>Weinheimer Stra\u00dfe 6<br data-start=\"287\" data-end=\"290\" \/>69488 Birkenau<br data-start=\"304\" data-end=\"307\" \/>Germania<\/p><p class=\"\" data-start=\"319\" data-end=\"360\"><strong data-start=\"319\" data-end=\"346\">Registro delle imprese:<\/strong><br data-start=\"346\" data-end=\"349\" \/>HRB 41387<\/p><p class=\"\" data-start=\"362\" data-end=\"464\"><strong data-start=\"362\" data-end=\"389\">Tribunale del registro:<\/strong><br data-start=\"389\" data-end=\"392\" \/>Tribunale distrettuale di Darmstadt (Amtsgericht Darmstadt), HRB 41387<\/p><p class=\"\" data-start=\"466\" data-end=\"523\"><strong data-start=\"466\" data-end=\"494\">Amministratori delegati:<\/strong><br data-start=\"494\" data-end=\"497\" \/>Benno Walter, J\u00f6rg Haist<\/p><p class=\"\" data-start=\"525\" data-end=\"656\"><strong data-start=\"525\" data-end=\"538\">Contatti:<\/strong><br data-start=\"538\" data-end=\"541\" \/>Telefono: +49 (0)6201 8432190<br data-start=\"570\" data-end=\"573\" \/>Fax: +49 (0)6201 8432199<br data-start=\"597\" data-end=\"600\" \/>Email: <a rel=\"noopener\" data-start=\"607\" data-end=\"654\">info@whitesmile.de<\/a><\/p><p class=\"\" data-start=\"658\" data-end=\"756\"><strong data-start=\"658\" data-end=\"691\">Numero di identificazione IVA<\/strong> ai sensi del \u00a727 a della legge tedesca sull\u2019IVA:<br data-start=\"740\" data-end=\"743\" \/>DE814206124<\/p><p class=\"\" data-start=\"758\" data-end=\"1007\"><strong data-start=\"758\" data-end=\"851\">Risoluzione delle controversie con i consumatori \/ Organismo di conciliazione universale:<\/strong><br data-start=\"851\" data-end=\"854\" \/>Non siamo n\u00e9 disposti n\u00e9 obbligati a partecipare a procedure di risoluzione delle controversie dinanzi a un organismo di conciliazione per i consumatori.<\/p>\t\t\t\t\t\t\t\t<\/div>\n\t\t\t\t<\/div>\n\t\t\t\t<\/div>\n\t\t<div class=\"elementor-element elementor-element-8b2456c e-con-full e-flex e-con e-child\" data-id=\"8b2456c\" data-element_type=\"container\" data-e-type=\"container\">\n\t\t\t\t<div class=\"elementor-element elementor-element-1c91542 elementor-widget elementor-widget-text-editor\" data-id=\"1c91542\" data-element_type=\"widget\" data-e-type=\"widget\" data-widget_type=\"text-editor.default\">\n\t\t\t\t<div class=\"elementor-widget-container\">\n\t\t\t\t\t\t\t\t\t<p class=\"\" data-start=\"56\" data-end=\"657\"><strong data-start=\"56\" data-end=\"70\">W<\/strong><b><span data-start=\"56\" data-end=\"70\">HITEsmile<\/span> ti ringrazia per la visita a questo sito web e per l&#8217;interesse dimostrato nei nostri prodotti. Potrebbe esserti richiesto di fornire informazioni personali, ma la risposta a queste domande \u00e8 facoltativa. I dati raccolti attraverso il sito web di <\/b><span style=\"font-weight: bold;\" data-start=\"317\" data-end=\"336\">WHITEsmile GmbH<\/span><b> saranno utilizzati esclusivamente da <\/b><span style=\"font-weight: bold;\" data-start=\"374\" data-end=\"388\">WHITEsmile<\/span><b> per aiutarci a offrirti un servizio migliore, ad esempio inviandoti informazioni sui prodotti e offerte di servizi che si adattino meglio alle tue esigenze. I tuoi dati saranno trattati in modo confidenziale in conformit\u00e0 con la legislazione sulla protezione dei dati.<\/b><\/p><p class=\"\" data-start=\"659\" data-end=\"1076\"><strong data-start=\"659\" data-end=\"678\">WHITEsmile GmbH<\/strong> non \u00e8 responsabile, n\u00e9 pu\u00f2 garantire la completezza, l&#8217;accuratezza o l&#8217;aggiornamento dei contenuti forniti in questo sito web. Si prega di notare che le informazioni fornite in questo sito sono soggette a modifiche tecniche. A causa dei numerosi sistemi informatici disponibili, non possiamo garantire l&#8217;uniformit\u00e0 dei colori. Di conseguenza, i colori sullo schermo e le stampe potrebbero variare.<\/p><p class=\"\" data-start=\"1078\" data-end=\"1347\"><strong data-start=\"1078\" data-end=\"1086\">Link<\/strong><br data-start=\"1086\" data-end=\"1089\" \/>L&#8217;esclusione di responsabilit\u00e0 sopra menzionata si applica anche ai contenuti di altri siti web ai quali si accede tramite collegamenti ipertestuali. <strong data-start=\"1239\" data-end=\"1258\">WHITEsmile GmbH<\/strong> non \u00e8 responsabile per i contenuti di tali siti web raggiunti tramite questa tecnologia.<\/p><p class=\"\" data-start=\"1349\" data-end=\"1752\"><strong data-start=\"1349\" data-end=\"1362\">Copyright<\/strong><br data-start=\"1362\" data-end=\"1365\" \/>La copia o la condivisione di informazioni, dati, testi, immagini e grafica per scopi commerciali, o per l&#8217;uso su altri siti web, richiede il previo consenso di <strong data-start=\"1526\" data-end=\"1545\">WHITEsmile GmbH<\/strong>. Sul nostro sito web sono utilizzati marchi registrati, nomi commerciali, disegni registrati e loghi. Anche se non sono contrassegnati con il loro marchio, si applicano tutte le normative legali pertinenti.<\/p><p class=\"\" data-start=\"1754\" data-end=\"1960\"><strong data-start=\"1754\" data-end=\"1790\">Domande, Suggerimenti o Commenti<\/strong><br data-start=\"1790\" data-end=\"1793\" \/>Per favore, invia le tue domande, suggerimenti o commenti all&#8217;indirizzo email fornito di seguito o utilizza la pagina dei contatti. Ti risponderemo il prima possibile.<\/p>\t\t\t\t\t\t\t\t<\/div>\n\t\t\t\t<\/div>\n\t\t\t\t<div class=\"elementor-element elementor-element-efcaed7 elementor-widget-divider--view-line elementor-widget elementor-widget-divider\" data-id=\"efcaed7\" data-element_type=\"widget\" data-e-type=\"widget\" data-widget_type=\"divider.default\">\n\t\t\t\t<div class=\"elementor-widget-container\">\n\t\t\t\t\t\t\t<div class=\"elementor-divider\">\n\t\t\t<span class=\"elementor-divider-separator\">\n\t\t\t\t\t\t<\/span>\n\t\t<\/div>\n\t\t\t\t\t\t<\/div>\n\t\t\t\t<\/div>\n\t\t\t\t<div class=\"elementor-element elementor-element-764e487 elementor-widget__width-initial elementor-widget elementor-widget-image\" data-id=\"764e487\" data-element_type=\"widget\" data-e-type=\"widget\" data-widget_type=\"image.default\">\n\t\t\t\t<div class=\"elementor-widget-container\">\n\t\t\t\t\t\t\t\t\t\t\t\t\t\t\t<img fetchpriority=\"high\" decoding=\"async\" width=\"412\" height=\"412\" src=\"https:\/\/flaesh.com\/wp-content\/uploads\/2024\/12\/GT_ICON.webp\" class=\"attachment-large size-large wp-image-6940\" alt=\"\" srcset=\"https:\/\/flaesh.com\/wp-content\/uploads\/2024\/12\/GT_ICON.webp 412w, https:\/\/flaesh.com\/wp-content\/uploads\/2024\/12\/GT_ICON-300x300.webp 300w, https:\/\/flaesh.com\/wp-content\/uploads\/2024\/12\/GT_ICON-150x150.webp 150w\" sizes=\"(max-width: 412px) 100vw, 412px\" \/>\t\t\t\t\t\t\t\t\t\t\t\t\t\t\t<\/div>\n\t\t\t\t<\/div>\n\t\t\t\t<div class=\"elementor-element elementor-element-8e92eda elementor-widget elementor-widget-text-editor\" data-id=\"8e92eda\" data-element_type=\"widget\" data-e-type=\"widget\" data-widget_type=\"text-editor.default\">\n\t\t\t\t<div class=\"elementor-widget-container\">\n\t\t\t\t\t\t\t\t\t<p><b>Grafitecture<br \/><\/b>Azienda Creativa Mannheim<br \/>Rebenstr. 9a<br \/>68309 Mannheim<br \/>Germania<br \/>info@grafitecture.de<br \/>grafitecture.de<\/p>\t\t\t\t\t\t\t\t<\/div>\n\t\t\t\t<\/div>\n\t\t\t\t<\/div>\n\t\t\t\t\t<\/div>\n\t\t\t\t<\/div>\n\t\t\t\t<\/div>\n\t\t","protected":false},"excerpt":{"rendered":"<p>Note legali WHITEsmile GmbHWeinheimer Stra\u00dfe 669488 BirkenauGermania Registro delle imprese:HRB 41387 Tribunale del registro:Tribunale distrettuale di Darmstadt (Amtsgericht Darmstadt), HRB 41387 Amministratori delegati:Benno Walter, J\u00f6rg Haist Contatti:Telefono: +49 (0)6201 8432190Fax: +49 (0)6201 8432199Email: info@whitesmile.de Numero di identificazione IVA ai sensi del \u00a727 a della legge tedesca sull\u2019IVA:DE814206124 Risoluzione delle controversie con i consumatori \/ Organismo [&hellip;]<\/p>\n","protected":false},"author":2,"featured_media":0,"parent":0,"menu_order":0,"comment_status":"closed","ping_status":"closed","template":"elementor_header_footer","meta":{"footnotes":""},"class_list":["post-11747","page","type-page","status-publish","hentry"],"_links":{"self":[{"href":"https:\/\/flaesh.com\/it\/wp-json\/wp\/v2\/pages\/11747","targetHints":{"allow":["GET"]}}],"collection":[{"href":"https:\/\/flaesh.com\/it\/wp-json\/wp\/v2\/pages"}],"about":[{"href":"https:\/\/flaesh.com\/it\/wp-json\/wp\/v2\/types\/page"}],"author":[{"embeddable":true,"href":"https:\/\/flaesh.com\/it\/wp-json\/wp\/v2\/users\/2"}],"replies":[{"embeddable":true,"href":"https:\/\/flaesh.com\/it\/wp-json\/wp\/v2\/comments?post=11747"}],"version-history":[{"count":19,"href":"https:\/\/flaesh.com\/it\/wp-json\/wp\/v2\/pages\/11747\/revisions"}],"predecessor-version":[{"id":11969,"href":"https:\/\/flaesh.com\/it\/wp-json\/wp\/v2\/pages\/11747\/revisions\/11969"}],"wp:attachment":[{"href":"https:\/\/flaesh.com\/it\/wp-json\/wp\/v2\/media?parent=11747"}],"curies":[{"name":"wp","href":"https:\/\/api.w.org\/{rel}","templated":true}]}}