{"id":10298,"date":"2024-12-16T18:24:45","date_gmt":"2024-12-16T17:24:45","guid":{"rendered":"https:\/\/flaesh.com\/whitening-toothpaste\/"},"modified":"2025-05-13T06:53:29","modified_gmt":"2025-05-13T04:53:29","slug":"whitening-toothpaste","status":"publish","type":"page","link":"https:\/\/flaesh.com\/fr\/whitening-toothpaste\/","title":{"rendered":"Whitening Toothpaste"},"content":{"rendered":"\t\t<div data-elementor-type=\"wp-page\" data-elementor-id=\"10298\" class=\"elementor elementor-10298 elementor-3315\" data-elementor-post-type=\"page\">\n\t\t\t\t<div class=\"elementor-element elementor-element-4bdea668 e-con-full e-flex e-con e-parent\" data-id=\"4bdea668\" data-element_type=\"container\" data-e-type=\"container\">\n\t\t<div class=\"elementor-element elementor-element-7dc60bc0 e-flex e-con-boxed e-con e-child\" data-id=\"7dc60bc0\" data-element_type=\"container\" data-e-type=\"container\">\n\t\t\t\t\t<div class=\"e-con-inner\">\n\t\t<div class=\"elementor-element elementor-element-15b10eba e-con-full e-flex e-con e-child\" data-id=\"15b10eba\" data-element_type=\"container\" data-e-type=\"container\">\n\t\t\t\t<div class=\"elementor-element elementor-element-59da351 elementor-widget__width-initial elementor-widget-laptop__width-initial elementor-widget elementor-widget-image\" data-id=\"59da351\" data-element_type=\"widget\" data-e-type=\"widget\" data-widget_type=\"image.default\">\n\t\t\t\t<div class=\"elementor-widget-container\">\n\t\t\t\t\t\t\t\t\t\t\t\t\t\t\t<img fetchpriority=\"high\" decoding=\"async\" width=\"768\" height=\"768\" src=\"https:\/\/flaesh.com\/wp-content\/uploads\/2025\/03\/ICON_NEW_FORMULAR.webp\" class=\"attachment-large size-large wp-image-7242\" alt=\"\" srcset=\"https:\/\/flaesh.com\/wp-content\/uploads\/2025\/03\/ICON_NEW_FORMULAR.webp 768w, https:\/\/flaesh.com\/wp-content\/uploads\/2025\/03\/ICON_NEW_FORMULAR-300x300.webp 300w, https:\/\/flaesh.com\/wp-content\/uploads\/2025\/03\/ICON_NEW_FORMULAR-150x150.webp 150w\" sizes=\"(max-width: 768px) 100vw, 768px\" \/>\t\t\t\t\t\t\t\t\t\t\t\t\t\t\t<\/div>\n\t\t\t\t<\/div>\n\t\t\t\t<div class=\"elementor-element elementor-element-f894ce9 elementor-widget__width-initial elementor-widget elementor-widget-heading\" data-id=\"f894ce9\" data-element_type=\"widget\" data-e-type=\"widget\" data-widget_type=\"heading.default\">\n\t\t\t\t<div class=\"elementor-widget-container\">\n\t\t\t\t\t<h1 class=\"elementor-heading-title elementor-size-default\">Whitening Toothpaste<\/h1>\t\t\t\t<\/div>\n\t\t\t\t<\/div>\n\t\t\t\t<div class=\"elementor-element elementor-element-6a157495 elementor-widget__width-initial elementor-widget elementor-widget-heading\" data-id=\"6a157495\" data-element_type=\"widget\" data-e-type=\"widget\" data-widget_type=\"heading.default\">\n\t\t\t\t<div class=\"elementor-widget-container\">\n\t\t\t\t\t<h1 class=\"elementor-heading-title elementor-size-default\">Care &amp; Repair<\/h1>\t\t\t\t<\/div>\n\t\t\t\t<\/div>\n\t\t\t\t<div class=\"elementor-element elementor-element-bfcc573 elementor-widget__width-initial elementor-widget-laptop__width-initial elementor-widget elementor-widget-heading\" data-id=\"bfcc573\" data-element_type=\"widget\" data-e-type=\"widget\" data-widget_type=\"heading.default\">\n\t\t\t\t<div class=\"elementor-widget-container\">\n\t\t\t\t\t<h1 class=\"elementor-heading-title elementor-size-default\">Go\u00fbt\nCITRON VERT-MENTHE\nrafra\u00eechissant<\/h1>\t\t\t\t<\/div>\n\t\t\t\t<\/div>\n\t\t\t\t<\/div>\n\t\t<div class=\"elementor-element elementor-element-5f6e5112 e-con-full e-flex e-con e-child\" data-id=\"5f6e5112\" data-element_type=\"container\" data-e-type=\"container\">\n\t\t\t\t<div class=\"elementor-element elementor-element-5448209e elementor-widget__width-initial elementor-widget elementor-widget-image\" data-id=\"5448209e\" data-element_type=\"widget\" data-e-type=\"widget\" data-widget_type=\"image.default\">\n\t\t\t\t<div class=\"elementor-widget-container\">\n\t\t\t\t\t\t\t\t\t\t\t\t\t\t\t<img decoding=\"async\" width=\"738\" height=\"1024\" src=\"https:\/\/flaesh.com\/wp-content\/uploads\/2024\/11\/flaesh_tp_limemint-738x1024.webp\" class=\"attachment-large size-large wp-image-6786\" alt=\"\" srcset=\"https:\/\/flaesh.com\/wp-content\/uploads\/2024\/11\/flaesh_tp_limemint-738x1024.webp 738w, https:\/\/flaesh.com\/wp-content\/uploads\/2024\/11\/flaesh_tp_limemint-216x300.webp 216w, https:\/\/flaesh.com\/wp-content\/uploads\/2024\/11\/flaesh_tp_limemint-768x1066.webp 768w, https:\/\/flaesh.com\/wp-content\/uploads\/2024\/11\/flaesh_tp_limemint-1106x1536.webp 1106w, https:\/\/flaesh.com\/wp-content\/uploads\/2024\/11\/flaesh_tp_limemint-1475x2048.webp 1475w, https:\/\/flaesh.com\/wp-content\/uploads\/2024\/11\/flaesh_tp_limemint.webp 1785w\" sizes=\"(max-width: 738px) 100vw, 738px\" \/>\t\t\t\t\t\t\t\t\t\t\t\t\t\t\t<\/div>\n\t\t\t\t<\/div>\n\t\t\t\t<\/div>\n\t\t\t\t\t<\/div>\n\t\t\t\t<\/div>\n\t\t\t\t<\/div>\n\t\t<div class=\"elementor-element elementor-element-3c3018f0 e-flex e-con-boxed e-con e-parent\" data-id=\"3c3018f0\" data-element_type=\"container\" data-e-type=\"container\" data-settings=\"{&quot;background_background&quot;:&quot;gradient&quot;}\">\n\t\t\t\t\t<div class=\"e-con-inner\">\n\t\t<div class=\"elementor-element elementor-element-26b15ff5 e-con-full e-flex e-con e-child\" data-id=\"26b15ff5\" data-element_type=\"container\" data-e-type=\"container\">\n\t\t\t\t<div class=\"elementor-element elementor-element-6278e754 elementor-widget__width-initial elementor-widget elementor-widget-heading\" data-id=\"6278e754\" data-element_type=\"widget\" data-e-type=\"widget\" data-widget_type=\"heading.default\">\n\t\t\t\t<div class=\"elementor-widget-container\">\n\t\t\t\t\t<h1 class=\"elementor-heading-title elementor-size-default\">Le meilleur traitement post <br>\u00e9claircissement\npour vos patients<\/h1>\t\t\t\t<\/div>\n\t\t\t\t<\/div>\n\t\t\t\t<div class=\"elementor-element elementor-element-2c803759 elementor-widget elementor-widget-text-editor\" data-id=\"2c803759\" data-element_type=\"widget\" data-e-type=\"widget\" data-widget_type=\"text-editor.default\">\n\t\t\t\t<div class=\"elementor-widget-container\">\n\t\t\t\t\t\t\t\t\tLe soin id\u00e9al pour pr\u00e9server la blancheur des dents\navant et apr\u00e8s les traitements d\u2019\u00e9claircissement. Con\u00e7u\npour un usage quotidien. Convient aux dents sensibles.\nRenforce l\u2019\u00e9mail avec 17 % d\u2019hydroxylapatite. Double\nprotection contre les caries gr\u00e2ce au fluorure de sodium\n(1 100 ppm F-) et au xylitol (30 %). Favorise la salivation\npour renforcer la remin\u00e9ralisation dentaire.\t\t\t\t\t\t\t\t<\/div>\n\t\t\t\t<\/div>\n\t\t\t\t<div class=\"elementor-element elementor-element-e6b6678 elementor-widget__width-initial elementor-widget elementor-widget-text-editor\" data-id=\"e6b6678\" data-element_type=\"widget\" data-e-type=\"widget\" data-widget_type=\"text-editor.default\">\n\t\t\t\t<div class=\"elementor-widget-container\">\n\t\t\t\t\t\t\t\t\tSans SLS. Sans triclosan. Ne contient pas d\u2019agents de\nblanchiment. Agents de nettoyage doux. Nouveau : sans\ndioxyde de titane. Prot\u00e8ge contre la formation de tartre.\t\t\t\t\t\t\t\t<\/div>\n\t\t\t\t<\/div>\n\t\t\t\t<\/div>\n\t\t<div class=\"elementor-element elementor-element-7ed90852 e-con-full elementor-hidden-mobile e-flex e-con e-child\" data-id=\"7ed90852\" data-element_type=\"container\" data-e-type=\"container\">\n\t\t\t\t<div class=\"elementor-element elementor-element-5151b654 elementor-hidden-tablet elementor-hidden-mobile elementor-widget elementor-widget-image\" data-id=\"5151b654\" data-element_type=\"widget\" data-e-type=\"widget\" data-widget_type=\"image.default\">\n\t\t\t\t<div class=\"elementor-widget-container\">\n\t\t\t\t\t\t\t\t\t\t\t\t\t\t\t\t<a href=\"https:\/\/flaesh.com\/whitening-lamp\/\">\n\t\t\t\t\t\t\t<img decoding=\"async\" width=\"800\" height=\"800\" src=\"https:\/\/flaesh.com\/wp-content\/uploads\/2024\/11\/flaesh_icon_tp.webp\" class=\"attachment-large size-large wp-image-6754\" alt=\"\" srcset=\"https:\/\/flaesh.com\/wp-content\/uploads\/2024\/11\/flaesh_icon_tp.webp 800w, https:\/\/flaesh.com\/wp-content\/uploads\/2024\/11\/flaesh_icon_tp-300x300.webp 300w, https:\/\/flaesh.com\/wp-content\/uploads\/2024\/11\/flaesh_icon_tp-150x150.webp 150w, https:\/\/flaesh.com\/wp-content\/uploads\/2024\/11\/flaesh_icon_tp-768x768.webp 768w\" sizes=\"(max-width: 800px) 100vw, 800px\" \/>\t\t\t\t\t\t\t\t<\/a>\n\t\t\t\t\t\t\t\t\t\t\t\t\t\t\t<\/div>\n\t\t\t\t<\/div>\n\t\t\t\t<\/div>\n\t\t\t\t\t<\/div>\n\t\t\t\t<\/div>\n\t\t<div class=\"elementor-element elementor-element-257f18a e-flex e-con-boxed e-con e-parent\" data-id=\"257f18a\" data-element_type=\"container\" data-e-type=\"container\" data-settings=\"{&quot;background_background&quot;:&quot;gradient&quot;}\">\n\t\t\t\t\t<div class=\"e-con-inner\">\n\t\t<div class=\"elementor-element elementor-element-2664af8f e-con-full e-flex e-con e-child\" data-id=\"2664af8f\" data-element_type=\"container\" data-e-type=\"container\">\n\t\t<div class=\"elementor-element elementor-element-39b87605 e-con-full e-flex e-con e-child\" data-id=\"39b87605\" data-element_type=\"container\" data-e-type=\"container\">\n\t\t\t\t<div class=\"elementor-element elementor-element-65a7c00d elementor-align-left elementor-widget elementor-widget-button\" data-id=\"65a7c00d\" data-element_type=\"widget\" data-e-type=\"widget\" data-widget_type=\"button.default\">\n\t\t\t\t<div class=\"elementor-widget-container\">\n\t\t\t\t\t\t\t\t\t<div class=\"elementor-button-wrapper\">\n\t\t\t\t\t<a class=\"elementor-button elementor-button-link elementor-size-sm\" href=\"https:\/\/flaesh.com\/wp-content\/uploads\/2025\/03\/902A4-flaesh-catalogue-french.pdf\" target=\"_blank\">\n\t\t\t\t\t\t<span class=\"elementor-button-content-wrapper\">\n\t\t\t\t\t\t<span class=\"elementor-button-icon\">\n\t\t\t\t<svg aria-hidden=\"true\" class=\"e-font-icon-svg e-far-arrow-alt-circle-right\" viewBox=\"0 0 512 512\" xmlns=\"http:\/\/www.w3.org\/2000\/svg\"><path d=\"M504 256C504 119 393 8 256 8S8 119 8 256s111 248 248 248 248-111 248-248zm-448 0c0-110.5 89.5-200 200-200s200 89.5 200 200-89.5 200-200 200S56 366.5 56 256zm72 20v-40c0-6.6 5.4-12 12-12h116v-67c0-10.7 12.9-16 20.5-8.5l99 99c4.7 4.7 4.7 12.3 0 17l-99 99c-7.6 7.6-20.5 2.2-20.5-8.5v-67H140c-6.6 0-12-5.4-12-12z\"><\/path><\/svg>\t\t\t<\/span>\n\t\t\t\t\t\t\t\t\t<span class=\"elementor-button-text\">Catalogue Fran\u00e7ais<\/span>\n\t\t\t\t\t<\/span>\n\t\t\t\t\t<\/a>\n\t\t\t\t<\/div>\n\t\t\t\t\t\t\t\t<\/div>\n\t\t\t\t<\/div>\n\t\t\t\t<\/div>\n\t\t\t\t<\/div>\n\t\t<div class=\"elementor-element elementor-element-e9e98f9 e-con-full e-flex e-con e-child\" data-id=\"e9e98f9\" data-element_type=\"container\" data-e-type=\"container\">\n\t\t<div class=\"elementor-element elementor-element-6a94874 e-con-full e-flex e-con e-child\" data-id=\"6a94874\" data-element_type=\"container\" data-e-type=\"container\">\n\t\t\t\t<div class=\"elementor-element elementor-element-ed53d83 elementor-widget elementor-widget-heading\" data-id=\"ed53d83\" data-element_type=\"widget\" data-e-type=\"widget\" data-widget_type=\"heading.default\">\n\t\t\t\t<div class=\"elementor-widget-container\">\n\t\t\t\t\t<h2 class=\"elementor-heading-title elementor-size-default\"><a href=\"https:\/\/flaesh.com\/fr\/pour-les-cabinets-dentaires\/#furtherlanguagesdent\">Vous trouverez ici le catalogue en 28 langues.\n\n<\/a><\/h2>\t\t\t\t<\/div>\n\t\t\t\t<\/div>\n\t\t\t\t<\/div>\n\t\t\t\t<\/div>\n\t\t\t\t\t<\/div>\n\t\t\t\t<\/div>\n\t\t<div class=\"elementor-element elementor-element-34358516 e-flex e-con-boxed e-con e-parent\" data-id=\"34358516\" data-element_type=\"container\" data-e-type=\"container\" data-settings=\"{&quot;background_background&quot;:&quot;classic&quot;}\">\n\t\t\t\t\t<div class=\"e-con-inner\">\n\t\t<div class=\"elementor-element elementor-element-26f49198 e-con-full e-flex e-con e-child\" data-id=\"26f49198\" data-element_type=\"container\" data-e-type=\"container\">\n\t\t<div class=\"elementor-element elementor-element-a7ca3b4 e-con-full e-flex e-con e-child\" data-id=\"a7ca3b4\" data-element_type=\"container\" data-e-type=\"container\">\n\t\t\t\t<div class=\"elementor-element elementor-element-786415f1 elementor-widget elementor-widget-image\" data-id=\"786415f1\" data-element_type=\"widget\" data-e-type=\"widget\" data-widget_type=\"image.default\">\n\t\t\t\t<div class=\"elementor-widget-container\">\n\t\t\t\t\t\t\t\t\t\t\t\t\t\t\t\t<a href=\"https:\/\/flaesh.com\/distribution-local-dealers\/\">\n\t\t\t\t\t\t\t<img loading=\"lazy\" decoding=\"async\" width=\"800\" height=\"441\" src=\"https:\/\/flaesh.com\/wp-content\/uploads\/2024\/12\/flaesh_worldwide_map-1024x564.webp\" class=\"attachment-large size-large wp-image-6930\" alt=\"\" srcset=\"https:\/\/flaesh.com\/wp-content\/uploads\/2024\/12\/flaesh_worldwide_map-1024x564.webp 1024w, https:\/\/flaesh.com\/wp-content\/uploads\/2024\/12\/flaesh_worldwide_map-300x165.webp 300w, https:\/\/flaesh.com\/wp-content\/uploads\/2024\/12\/flaesh_worldwide_map-768x423.webp 768w, https:\/\/flaesh.com\/wp-content\/uploads\/2024\/12\/flaesh_worldwide_map-1536x846.webp 1536w, https:\/\/flaesh.com\/wp-content\/uploads\/2024\/12\/flaesh_worldwide_map.webp 1780w\" sizes=\"(max-width: 800px) 100vw, 800px\" \/>\t\t\t\t\t\t\t\t<\/a>\n\t\t\t\t\t\t\t\t\t\t\t\t\t\t\t<\/div>\n\t\t\t\t<\/div>\n\t\t\t\t<\/div>\n\t\t<div class=\"elementor-element elementor-element-47a57b e-con-full e-flex e-con e-child\" data-id=\"47a57b\" data-element_type=\"container\" data-e-type=\"container\">\n\t\t\t\t<div class=\"elementor-element elementor-element-75c00bef elementor-widget__width-inherit elementor-widget elementor-widget-heading\" data-id=\"75c00bef\" data-element_type=\"widget\" data-e-type=\"widget\" data-widget_type=\"heading.default\">\n\t\t\t\t<div class=\"elementor-widget-container\">\n\t\t\t\t\t<h2 class=\"elementor-heading-title elementor-size-default\">For dentists<\/h2>\t\t\t\t<\/div>\n\t\t\t\t<\/div>\n\t\t\t\t<div class=\"elementor-element elementor-element-16dd879 elementor-widget elementor-widget-text-editor\" data-id=\"16dd879\" data-element_type=\"widget\" data-e-type=\"widget\" data-widget_type=\"text-editor.default\">\n\t\t\t\t<div class=\"elementor-widget-container\">\n\t\t\t\t\t\t\t\t\t<p style=\"text-align: left;\">Find your local dealer &amp; distributor worldwide. For further product information, marketing and support please contact us via email.\u00a0<\/p>\t\t\t\t\t\t\t\t<\/div>\n\t\t\t\t<\/div>\n\t\t\t\t<div class=\"elementor-element elementor-element-6fa9075a elementor-widget__width-inherit elementor-view-default elementor-widget elementor-widget-icon\" data-id=\"6fa9075a\" data-element_type=\"widget\" data-e-type=\"widget\" data-widget_type=\"icon.default\">\n\t\t\t\t<div class=\"elementor-widget-container\">\n\t\t\t\t\t\t\t<div class=\"elementor-icon-wrapper\">\n\t\t\t<a class=\"elementor-icon\" href=\"https:\/\/flaesh.com\/fr\/revendeurs\/\">\n\t\t\t<svg aria-hidden=\"true\" class=\"e-font-icon-svg e-far-arrow-alt-circle-right\" viewBox=\"0 0 512 512\" xmlns=\"http:\/\/www.w3.org\/2000\/svg\"><path d=\"M504 256C504 119 393 8 256 8S8 119 8 256s111 248 248 248 248-111 248-248zm-448 0c0-110.5 89.5-200 200-200s200 89.5 200 200-89.5 200-200 200S56 366.5 56 256zm72 20v-40c0-6.6 5.4-12 12-12h116v-67c0-10.7 12.9-16 20.5-8.5l99 99c4.7 4.7 4.7 12.3 0 17l-99 99c-7.6 7.6-20.5 2.2-20.5-8.5v-67H140c-6.6 0-12-5.4-12-12z\"><\/path><\/svg>\t\t\t<\/a>\n\t\t<\/div>\n\t\t\t\t\t\t<\/div>\n\t\t\t\t<\/div>\n\t\t\t\t<\/div>\n\t\t\t\t<\/div>\n\t\t\t\t\t<\/div>\n\t\t\t\t<\/div>\n\t\t\t\t<\/div>\n\t\t","protected":false},"excerpt":{"rendered":"<p>Whitening Toothpaste Care &amp; Repair Go\u00fbt CITRON VERT-MENTHE rafra\u00eechissant Le meilleur traitement post \u00e9claircissement pour vos patients Le soin id\u00e9al pour pr\u00e9server la blancheur des dents avant et apr\u00e8s les traitements d\u2019\u00e9claircissement. Con\u00e7u pour un usage quotidien. Convient aux dents sensibles. Renforce l\u2019\u00e9mail avec 17 % d\u2019hydroxylapatite. Double protection contre les caries gr\u00e2ce au fluorure [&hellip;]<\/p>\n","protected":false},"author":2,"featured_media":0,"parent":0,"menu_order":0,"comment_status":"closed","ping_status":"closed","template":"elementor_header_footer","meta":{"footnotes":""},"class_list":["post-10298","page","type-page","status-publish","hentry"],"_links":{"self":[{"href":"https:\/\/flaesh.com\/fr\/wp-json\/wp\/v2\/pages\/10298","targetHints":{"allow":["GET"]}}],"collection":[{"href":"https:\/\/flaesh.com\/fr\/wp-json\/wp\/v2\/pages"}],"about":[{"href":"https:\/\/flaesh.com\/fr\/wp-json\/wp\/v2\/types\/page"}],"author":[{"embeddable":true,"href":"https:\/\/flaesh.com\/fr\/wp-json\/wp\/v2\/users\/2"}],"replies":[{"embeddable":true,"href":"https:\/\/flaesh.com\/fr\/wp-json\/wp\/v2\/comments?post=10298"}],"version-history":[{"count":18,"href":"https:\/\/flaesh.com\/fr\/wp-json\/wp\/v2\/pages\/10298\/revisions"}],"predecessor-version":[{"id":12129,"href":"https:\/\/flaesh.com\/fr\/wp-json\/wp\/v2\/pages\/10298\/revisions\/12129"}],"wp:attachment":[{"href":"https:\/\/flaesh.com\/fr\/wp-json\/wp\/v2\/media?parent=10298"}],"curies":[{"name":"wp","href":"https:\/\/api.w.org\/{rel}","templated":true}]}}