{"id":10293,"date":"2025-03-10T19:58:49","date_gmt":"2025-03-10T18:58:49","guid":{"rendered":"https:\/\/flaesh.com\/sponsoring\/"},"modified":"2025-04-22T11:59:44","modified_gmt":"2025-04-22T09:59:44","slug":"parrainage","status":"publish","type":"page","link":"https:\/\/flaesh.com\/fr\/parrainage\/","title":{"rendered":"Parrainage"},"content":{"rendered":"\t\t<div data-elementor-type=\"wp-page\" data-elementor-id=\"10293\" class=\"elementor elementor-10293 elementor-6243\" data-elementor-post-type=\"page\">\n\t\t\t\t<a class=\"elementor-element elementor-element-c8f1978 e-flex e-con-boxed e-con e-parent\" data-id=\"c8f1978\" data-element_type=\"container\" data-e-type=\"container\" data-settings=\"{&quot;background_background&quot;:&quot;gradient&quot;}\">\n\t\t\t\t\t<div class=\"e-con-inner\">\n\t\t<div class=\"elementor-element elementor-element-f8c11b5 e-con-full e-flex e-con e-child\" data-id=\"f8c11b5\" data-element_type=\"container\" data-e-type=\"container\">\n\t\t\t\t<div class=\"elementor-element elementor-element-aca921a elementor-widget__width-initial elementor-widget elementor-widget-heading\" data-id=\"aca921a\" data-element_type=\"widget\" data-e-type=\"widget\" data-widget_type=\"heading.default\">\n\t\t\t\t<div class=\"elementor-widget-container\">\n\t\t\t\t\t<h1 class=\"elementor-heading-title elementor-size-default\"><span style=\"color: var( --e-global-color-secondary );font-size: 2.1rem;text-align: var(--text-align);background-color: transparent\">\u00c9claircissement<\/span> Dentaire Professionnel WHITEsmile &amp; Tennis Professionnel<\/h1>\t\t\t\t<\/div>\n\t\t\t\t<\/div>\n\t\t\t\t<div class=\"elementor-element elementor-element-e8262bd elementor-widget elementor-widget-text-editor\" data-id=\"e8262bd\" data-element_type=\"widget\" data-e-type=\"widget\" data-widget_type=\"text-editor.default\">\n\t\t\t\t<div class=\"elementor-widget-container\">\n\t\t\t\t\t\t\t\t\t<p>Depuis 2020, fl\u00e4sh sponsorise fi\u00e8rement le tennis international. Notre aventure dans le tennis professionnel a commenc\u00e9 par le soutien de fl\u00e4sh TC Weinheim dans la Ligue Allemande de Tennis Team Tennis de 2017 \u00e0 2019. Plusieurs joueurs de cette \u00e9quipe continuent de briller sur le circuit ATP, dont Casper Ruud, Yannick Hanfmann, John Millman et le sp\u00e9cialiste du double Sadio Doumbia.<\/p>\t\t\t\t\t\t\t\t<\/div>\n\t\t\t\t<\/div>\n\t\t\t\t<\/div>\n\t\t\t\t\t<\/div>\n\t\t\t\t<\/a>\n\t\t<a class=\"elementor-element elementor-element-ebb4575 e-flex e-con-boxed e-con e-parent\" data-id=\"ebb4575\" data-element_type=\"container\" data-e-type=\"container\" data-settings=\"{&quot;background_background&quot;:&quot;gradient&quot;}\">\n\t\t\t\t\t<div class=\"e-con-inner\">\n\t\t<div class=\"elementor-element elementor-element-b63ed13 e-con-full e-flex e-con e-child\" data-id=\"b63ed13\" data-element_type=\"container\" data-e-type=\"container\">\n\t\t\t\t<div class=\"elementor-element elementor-element-1b3eb08 elementor-widget__width-initial elementor-widget elementor-widget-heading\" data-id=\"1b3eb08\" data-element_type=\"widget\" data-e-type=\"widget\" data-widget_type=\"heading.default\">\n\t\t\t\t<div class=\"elementor-widget-container\">\n\t\t\t\t\t<h1 class=\"elementor-heading-title elementor-size-default\">Diego Deduro (Allemagne)\n<\/h1>\t\t\t\t<\/div>\n\t\t\t\t<\/div>\n\t\t\t\t<div class=\"elementor-element elementor-element-6a69fb8 elementor-widget elementor-widget-text-editor\" data-id=\"6a69fb8\" data-element_type=\"widget\" data-e-type=\"widget\" data-widget_type=\"text-editor.default\">\n\t\t\t\t<div class=\"elementor-widget-container\">\n\t\t\t\t\t\t\t\t\t<p class=\"\" data-start=\"40\" data-end=\"252\">En 2025, Diego est devenu notre troisi\u00e8me joueur sponsoris\u00e9 par fl\u00e4sh sur le circuit ATP. \u00c0 seulement 17 ans, Diego a fait sa perc\u00e9e en avril 2025 en remportant sa premi\u00e8re victoire sur le circuit ATP \u00e0 Munich. Nous sommes ravis de faire partie des d\u00e9buts prometteurs de la carri\u00e8re d&rsquo;une \u00e9toile montante. Avec sa personnalit\u00e9 humble et accessible, Diego est un excellent ambassadeur pour fl\u00e4sh. Nous lui souhaitons plein de succ\u00e8s pour les tournois \u00e0 venir et nous nous r\u00e9jouissons d\u2019un avenir radieux \u00e0 ses c\u00f4t\u00e9s. Bienvenue dans la Team fl\u00e4sh !<\/p>\t\t\t\t\t\t\t\t<\/div>\n\t\t\t\t<\/div>\n\t\t\t\t<\/div>\n\t\t<div class=\"elementor-element elementor-element-1a1ab4d e-con-full e-flex e-con e-child\" data-id=\"1a1ab4d\" data-element_type=\"container\" data-e-type=\"container\">\n\t\t\t\t<div class=\"elementor-element elementor-element-73d228b elementor-widget elementor-widget-image\" data-id=\"73d228b\" data-element_type=\"widget\" data-e-type=\"widget\" data-widget_type=\"image.default\">\n\t\t\t\t<div class=\"elementor-widget-container\">\n\t\t\t\t\t\t\t\t\t\t\t\t\t\t\t<img fetchpriority=\"high\" decoding=\"async\" width=\"800\" height=\"800\" src=\"https:\/\/flaesh.com\/wp-content\/uploads\/2025\/04\/tennis_2.webp\" class=\"attachment-large size-large wp-image-11672\" alt=\"\" srcset=\"https:\/\/flaesh.com\/wp-content\/uploads\/2025\/04\/tennis_2.webp 1024w, https:\/\/flaesh.com\/wp-content\/uploads\/2025\/04\/tennis_2-300x300.webp 300w, https:\/\/flaesh.com\/wp-content\/uploads\/2025\/04\/tennis_2-150x150.webp 150w, https:\/\/flaesh.com\/wp-content\/uploads\/2025\/04\/tennis_2-768x768.webp 768w\" sizes=\"(max-width: 800px) 100vw, 800px\" \/>\t\t\t\t\t\t\t\t\t\t\t\t\t\t\t<\/div>\n\t\t\t\t<\/div>\n\t\t\t\t<\/div>\n\t\t\t\t\t<\/div>\n\t\t\t\t<\/a>\n\t\t<a class=\"elementor-element elementor-element-96b3678 e-flex e-con-boxed e-con e-parent\" data-id=\"96b3678\" data-element_type=\"container\" data-e-type=\"container\" data-settings=\"{&quot;background_background&quot;:&quot;gradient&quot;}\">\n\t\t\t\t\t<div class=\"e-con-inner\">\n\t\t<div class=\"elementor-element elementor-element-1212185 e-con-full e-flex e-con e-child\" data-id=\"1212185\" data-element_type=\"container\" data-e-type=\"container\">\n\t\t\t\t<div class=\"elementor-element elementor-element-5f2127b elementor-widget__width-initial elementor-widget elementor-widget-heading\" data-id=\"5f2127b\" data-element_type=\"widget\" data-e-type=\"widget\" data-widget_type=\"heading.default\">\n\t\t\t\t<div class=\"elementor-widget-container\">\n\t\t\t\t\t<h1 class=\"elementor-heading-title elementor-size-default\">Yannick Hanfmann (Allemagne)\n<\/h1>\t\t\t\t<\/div>\n\t\t\t\t<\/div>\n\t\t\t\t<div class=\"elementor-element elementor-element-c4d65f1 elementor-widget elementor-widget-text-editor\" data-id=\"c4d65f1\" data-element_type=\"widget\" data-e-type=\"widget\" data-widget_type=\"text-editor.default\">\n\t\t\t\t<div class=\"elementor-widget-container\">\n\t\t\t\t\t\t\t\t\t<p>\u00ab\u00a0En 2024, Yannick est devenu notre deuxi\u00e8me joueur sponsoris\u00e9 par fl\u00e4sh sur le circuit ATP. Comme John, Yannick faisait auparavant partie de l\u2019\u00e9quipe fl\u00e4sh TC Weinheim en Bundesliga, atteignant un meilleur classement en carri\u00e8re de 45e mondial. Il repr\u00e9sente \u00e9galement l&rsquo;Allemagne en Coupe Davis. Avec son style de jeu extraordinaire et son attitude exemplaire tant sur le court qu\u2019en dehors, Yannick est l\u2019ambassadeur parfait pour fl\u00e4sh. Nous avons h\u00e2te de c\u00e9l\u00e9brer de nombreuses victoires ensemble et sommes impatients de vivre un partenariat fantastique !<\/p>\t\t\t\t\t\t\t\t<\/div>\n\t\t\t\t<\/div>\n\t\t\t\t<\/div>\n\t\t<div class=\"elementor-element elementor-element-3739f95 e-con-full e-flex e-con e-child\" data-id=\"3739f95\" data-element_type=\"container\" data-e-type=\"container\">\n\t\t\t\t<div class=\"elementor-element elementor-element-9728c6c elementor-widget elementor-widget-image\" data-id=\"9728c6c\" data-element_type=\"widget\" data-e-type=\"widget\" data-widget_type=\"image.default\">\n\t\t\t\t<div class=\"elementor-widget-container\">\n\t\t\t\t\t\t\t\t\t\t\t\t\t\t\t<img decoding=\"async\" width=\"768\" height=\"768\" src=\"https:\/\/flaesh.com\/wp-content\/uploads\/2025\/03\/yannik_hanfmann.-flaesh_1.webp\" class=\"attachment-large size-large wp-image-7342\" alt=\"\" srcset=\"https:\/\/flaesh.com\/wp-content\/uploads\/2025\/03\/yannik_hanfmann.-flaesh_1.webp 768w, https:\/\/flaesh.com\/wp-content\/uploads\/2025\/03\/yannik_hanfmann.-flaesh_1-300x300.webp 300w, https:\/\/flaesh.com\/wp-content\/uploads\/2025\/03\/yannik_hanfmann.-flaesh_1-150x150.webp 150w\" sizes=\"(max-width: 768px) 100vw, 768px\" \/>\t\t\t\t\t\t\t\t\t\t\t\t\t\t\t<\/div>\n\t\t\t\t<\/div>\n\t\t\t\t<\/div>\n\t\t\t\t\t<\/div>\n\t\t\t\t<\/a>\n\t\t<a class=\"elementor-element elementor-element-eeff23c e-flex e-con-boxed e-con e-parent\" data-id=\"eeff23c\" data-element_type=\"container\" data-e-type=\"container\" data-settings=\"{&quot;background_background&quot;:&quot;gradient&quot;}\">\n\t\t\t\t\t<div class=\"e-con-inner\">\n\t\t<div class=\"elementor-element elementor-element-732d11f e-con-full e-flex e-con e-child\" data-id=\"732d11f\" data-element_type=\"container\" data-e-type=\"container\">\n\t\t\t\t<div class=\"elementor-element elementor-element-34f8e35 elementor-widget__width-initial elementor-widget elementor-widget-heading\" data-id=\"34f8e35\" data-element_type=\"widget\" data-e-type=\"widget\" data-widget_type=\"heading.default\">\n\t\t\t\t<div class=\"elementor-widget-container\">\n\t\t\t\t\t<h1 class=\"elementor-heading-title elementor-size-default\">John Millman (Australie)\n<\/h1>\t\t\t\t<\/div>\n\t\t\t\t<\/div>\n\t\t\t\t<div class=\"elementor-element elementor-element-b43251e elementor-widget elementor-widget-text-editor\" data-id=\"b43251e\" data-element_type=\"widget\" data-e-type=\"widget\" data-widget_type=\"text-editor.default\">\n\t\t\t\t<div class=\"elementor-widget-container\">\n\t\t\t\t\t\t\t\t\t<p>Atteignant son meilleur classement en carri\u00e8re \u00e0 la 33e place mondiale, John a \u00e9t\u00e9 notre tout premier joueur sponsoris\u00e9 par fl\u00e4sh sur le circuit ATP de 2020 \u00e0 2024. Nous sommes honor\u00e9s d\u2019\u00eatre associ\u00e9s \u00e0 une personnalit\u00e9 aussi exceptionnelle, ador\u00e9e de ses fans sous le nom de \u00ab Millmania \u00bb. Son d\u00e9vouement et son \u00e9thique de travail sont un exemple \u00e9clatant de v\u00e9ritable leadership. Merci, John, pour ton soutien et ton amiti\u00e9 incroyables au fil des ann\u00e9es. Nous te souhaitons tout le succ\u00e8s et le bonheur dans ta vie apr\u00e8s le tennis !<\/p>\t\t\t\t\t\t\t\t<\/div>\n\t\t\t\t<\/div>\n\t\t\t\t<\/div>\n\t\t<div class=\"elementor-element elementor-element-c175188 e-con-full e-flex e-con e-child\" data-id=\"c175188\" data-element_type=\"container\" data-e-type=\"container\">\n\t\t\t\t<div class=\"elementor-element elementor-element-009661b elementor-widget elementor-widget-image\" data-id=\"009661b\" data-element_type=\"widget\" data-e-type=\"widget\" data-widget_type=\"image.default\">\n\t\t\t\t<div class=\"elementor-widget-container\">\n\t\t\t\t\t\t\t\t\t\t\t\t\t\t\t<img decoding=\"async\" width=\"768\" height=\"768\" src=\"https:\/\/flaesh.com\/wp-content\/uploads\/2025\/03\/yannik_hanfmann.-flaesh_2.webp\" class=\"attachment-large size-large wp-image-7346\" alt=\"\" srcset=\"https:\/\/flaesh.com\/wp-content\/uploads\/2025\/03\/yannik_hanfmann.-flaesh_2.webp 768w, https:\/\/flaesh.com\/wp-content\/uploads\/2025\/03\/yannik_hanfmann.-flaesh_2-300x300.webp 300w, https:\/\/flaesh.com\/wp-content\/uploads\/2025\/03\/yannik_hanfmann.-flaesh_2-150x150.webp 150w\" sizes=\"(max-width: 768px) 100vw, 768px\" \/>\t\t\t\t\t\t\t\t\t\t\t\t\t\t\t<\/div>\n\t\t\t\t<\/div>\n\t\t\t\t<\/div>\n\t\t\t\t\t<\/div>\n\t\t\t\t<\/a>\n\t\t<a class=\"elementor-element elementor-element-7e239d7 e-flex e-con-boxed e-con e-parent\" data-id=\"7e239d7\" data-element_type=\"container\" data-e-type=\"container\" data-settings=\"{&quot;background_background&quot;:&quot;gradient&quot;}\">\n\t\t\t\t\t<div class=\"e-con-inner\">\n\t\t<div class=\"elementor-element elementor-element-7dda2d9 e-con-full e-flex e-con e-child\" data-id=\"7dda2d9\" data-element_type=\"container\" data-e-type=\"container\">\n\t\t\t\t<div class=\"elementor-element elementor-element-6658353 elementor-widget elementor-widget-text-editor\" data-id=\"6658353\" data-element_type=\"widget\" data-e-type=\"widget\" data-widget_type=\"text-editor.default\">\n\t\t\t\t<div class=\"elementor-widget-container\">\n\t\t\t\t\t\t\t\t\t<p>Le tennis est une passion personnelle du propri\u00e9taire de WHITEsmile, Benno Walter, et c\u2019est \u00e9galement le sport pr\u00e9f\u00e9r\u00e9 de nombreux de nos clients. Nous sommes ravis de continuer \u00e0 soutenir ce sport dynamique, en partageant le court \u2014 et de beaux sourires \u2014 avec les fans de tennis du monde entier.<\/p>\t\t\t\t\t\t\t\t<\/div>\n\t\t\t\t<\/div>\n\t\t\t\t<\/div>\n\t\t\t\t\t<\/div>\n\t\t\t\t<\/a>\n\t\t\t\t<\/div>\n\t\t","protected":false},"excerpt":{"rendered":"<p>\u00c9claircissement Dentaire Professionnel WHITEsmile &amp; Tennis Professionnel Depuis 2020, fl\u00e4sh sponsorise fi\u00e8rement le tennis international. Notre aventure dans le tennis professionnel a commenc\u00e9 par le soutien de fl\u00e4sh TC Weinheim dans la Ligue Allemande de Tennis Team Tennis de 2017 \u00e0 2019. Plusieurs joueurs de cette \u00e9quipe continuent de briller sur le circuit ATP, dont [&hellip;]<\/p>\n","protected":false},"author":2,"featured_media":0,"parent":0,"menu_order":0,"comment_status":"closed","ping_status":"closed","template":"elementor_header_footer","meta":{"footnotes":""},"class_list":["post-10293","page","type-page","status-publish","hentry"],"_links":{"self":[{"href":"https:\/\/flaesh.com\/fr\/wp-json\/wp\/v2\/pages\/10293","targetHints":{"allow":["GET"]}}],"collection":[{"href":"https:\/\/flaesh.com\/fr\/wp-json\/wp\/v2\/pages"}],"about":[{"href":"https:\/\/flaesh.com\/fr\/wp-json\/wp\/v2\/types\/page"}],"author":[{"embeddable":true,"href":"https:\/\/flaesh.com\/fr\/wp-json\/wp\/v2\/users\/2"}],"replies":[{"embeddable":true,"href":"https:\/\/flaesh.com\/fr\/wp-json\/wp\/v2\/comments?post=10293"}],"version-history":[{"count":11,"href":"https:\/\/flaesh.com\/fr\/wp-json\/wp\/v2\/pages\/10293\/revisions"}],"predecessor-version":[{"id":11733,"href":"https:\/\/flaesh.com\/fr\/wp-json\/wp\/v2\/pages\/10293\/revisions\/11733"}],"wp:attachment":[{"href":"https:\/\/flaesh.com\/fr\/wp-json\/wp\/v2\/media?parent=10293"}],"curies":[{"name":"wp","href":"https:\/\/api.w.org\/{rel}","templated":true}]}}