{"id":10291,"date":"2025-01-04T22:50:29","date_gmt":"2025-01-04T21:50:29","guid":{"rendered":"https:\/\/flaesh.com\/news\/"},"modified":"2025-04-28T21:26:33","modified_gmt":"2025-04-28T19:26:33","slug":"news","status":"publish","type":"page","link":"https:\/\/flaesh.com\/fr\/news\/","title":{"rendered":"News"},"content":{"rendered":"\t\t<div data-elementor-type=\"wp-page\" data-elementor-id=\"10291\" class=\"elementor elementor-10291 elementor-4189\" data-elementor-post-type=\"page\">\n\t\t\t\t<div class=\"elementor-element elementor-element-c13ee83 e-flex e-con-boxed e-con e-parent\" data-id=\"c13ee83\" data-element_type=\"container\" data-e-type=\"container\">\n\t\t\t\t\t<div class=\"e-con-inner\">\n\t\t\t\t<div class=\"elementor-element elementor-element-e383bdd elementor-posts__hover-none elementor-posts--align-left elementor-grid-3 elementor-grid-tablet-2 elementor-grid-mobile-1 elementor-posts--thumbnail-top elementor-widget elementor-widget-posts\" data-id=\"e383bdd\" data-element_type=\"widget\" data-e-type=\"widget\" data-settings=\"{&quot;cards_row_gap&quot;:{&quot;unit&quot;:&quot;px&quot;,&quot;size&quot;:70,&quot;sizes&quot;:[]},&quot;cards_row_gap_mobile&quot;:{&quot;unit&quot;:&quot;px&quot;,&quot;size&quot;:30,&quot;sizes&quot;:[]},&quot;cards_masonry&quot;:&quot;yes&quot;,&quot;cards_row_gap_laptop&quot;:{&quot;unit&quot;:&quot;rem&quot;,&quot;size&quot;:&quot;&quot;,&quot;sizes&quot;:[]},&quot;cards_columns&quot;:&quot;3&quot;,&quot;cards_columns_tablet&quot;:&quot;2&quot;,&quot;cards_columns_mobile&quot;:&quot;1&quot;,&quot;cards_row_gap_tablet&quot;:{&quot;unit&quot;:&quot;px&quot;,&quot;size&quot;:&quot;&quot;,&quot;sizes&quot;:[]}}\" data-widget_type=\"posts.cards\">\n\t\t\t\t<div class=\"elementor-widget-container\">\n\t\t\t\t\t\t\t<div class=\"elementor-posts-container elementor-posts elementor-posts--skin-cards elementor-grid\" role=\"list\">\n\t\t\t\t<article class=\"elementor-post elementor-grid-item post-10485 post type-post status-publish format-standard has-post-thumbnail hentry category-non-categorise\" role=\"listitem\">\n\t\t\t<div class=\"elementor-post__card\">\n\t\t\t\t<a class=\"elementor-post__thumbnail__link\" href=\"https:\/\/flaesh.com\/fr\/une-note-de-benno-walter-pdg\/\" tabindex=\"-1\" ><div class=\"elementor-post__thumbnail\"><img fetchpriority=\"high\" decoding=\"async\" width=\"768\" height=\"768\" src=\"https:\/\/flaesh.com\/wp-content\/uploads\/2025\/04\/news_666.webp\" class=\"attachment-full size-full wp-image-12960\" alt=\"\" srcset=\"https:\/\/flaesh.com\/wp-content\/uploads\/2025\/04\/news_666.webp 768w, https:\/\/flaesh.com\/wp-content\/uploads\/2025\/04\/news_666-300x300.webp 300w, https:\/\/flaesh.com\/wp-content\/uploads\/2025\/04\/news_666-150x150.webp 150w\" sizes=\"(max-width: 768px) 100vw, 768px\" \/><\/div><\/a>\n\t\t\t\t<div class=\"elementor-post__text\">\n\t\t\n\t\t<a class=\"elementor-post__read-more\" href=\"https:\/\/flaesh.com\/fr\/une-note-de-benno-walter-pdg\/\" aria-label=\"En savoir plus sur Une note de Benno Walter, PDG\" tabindex=\"-1\" >\n\t\t\t&gt;\t\t<\/a>\n\n\t\t\t\t<\/div>\n\t\t\t\t\t<\/div>\n\t\t<\/article>\n\t\t\t\t<article class=\"elementor-post elementor-grid-item post-10483 post type-post status-publish format-standard has-post-thumbnail hentry category-non-categorise\" role=\"listitem\">\n\t\t\t<div class=\"elementor-post__card\">\n\t\t\t\t<a class=\"elementor-post__thumbnail__link\" href=\"https:\/\/flaesh.com\/fr\/lider-dopinion-cle-dr-gomez\/\" tabindex=\"-1\" ><div class=\"elementor-post__thumbnail\"><img decoding=\"async\" width=\"768\" height=\"768\" src=\"https:\/\/flaesh.com\/wp-content\/uploads\/2025\/04\/news_5.webp\" class=\"attachment-full size-full wp-image-12961\" alt=\"\" srcset=\"https:\/\/flaesh.com\/wp-content\/uploads\/2025\/04\/news_5.webp 768w, https:\/\/flaesh.com\/wp-content\/uploads\/2025\/04\/news_5-300x300.webp 300w, https:\/\/flaesh.com\/wp-content\/uploads\/2025\/04\/news_5-150x150.webp 150w\" sizes=\"(max-width: 768px) 100vw, 768px\" \/><\/div><\/a>\n\t\t\t\t<div class=\"elementor-post__text\">\n\t\t\n\t\t<a class=\"elementor-post__read-more\" href=\"https:\/\/flaesh.com\/fr\/lider-dopinion-cle-dr-gomez\/\" aria-label=\"En savoir plus sur L\u00edder d&rsquo;opinion cl\u00e9 : Dr Gomez\" tabindex=\"-1\" >\n\t\t\t&gt;\t\t<\/a>\n\n\t\t\t\t<\/div>\n\t\t\t\t\t<\/div>\n\t\t<\/article>\n\t\t\t\t<article class=\"elementor-post elementor-grid-item post-10481 post type-post status-publish format-standard has-post-thumbnail hentry category-non-categorise\" role=\"listitem\">\n\t\t\t<div class=\"elementor-post__card\">\n\t\t\t\t<a class=\"elementor-post__thumbnail__link\" href=\"https:\/\/flaesh.com\/fr\/flash-eclaircissement-explique\/\" tabindex=\"-1\" ><div class=\"elementor-post__thumbnail\"><img decoding=\"async\" width=\"768\" height=\"768\" src=\"https:\/\/flaesh.com\/wp-content\/uploads\/2025\/04\/news_9.webp\" class=\"attachment-full size-full wp-image-12962\" alt=\"\" srcset=\"https:\/\/flaesh.com\/wp-content\/uploads\/2025\/04\/news_9.webp 768w, https:\/\/flaesh.com\/wp-content\/uploads\/2025\/04\/news_9-300x300.webp 300w, https:\/\/flaesh.com\/wp-content\/uploads\/2025\/04\/news_9-150x150.webp 150w\" sizes=\"(max-width: 768px) 100vw, 768px\" \/><\/div><\/a>\n\t\t\t\t<div class=\"elementor-post__text\">\n\t\t\n\t\t<a class=\"elementor-post__read-more\" href=\"https:\/\/flaesh.com\/fr\/flash-eclaircissement-explique\/\" aria-label=\"En savoir plus sur Fl\u00e4sh \u00c9claircissement expliqu\u00e9\" tabindex=\"-1\" >\n\t\t\t&gt;\t\t<\/a>\n\n\t\t\t\t<\/div>\n\t\t\t\t\t<\/div>\n\t\t<\/article>\n\t\t\t\t<article class=\"elementor-post elementor-grid-item post-12761 post type-post status-publish format-standard has-post-thumbnail hentry category-non-categorise\" role=\"listitem\">\n\t\t\t<div class=\"elementor-post__card\">\n\t\t\t\t<a class=\"elementor-post__thumbnail__link\" href=\"https:\/\/flaesh.com\/fr\/nous-aimons-vous-flash\/\" tabindex=\"-1\" ><div class=\"elementor-post__thumbnail\"><img loading=\"lazy\" decoding=\"async\" width=\"768\" height=\"768\" src=\"https:\/\/flaesh.com\/wp-content\/uploads\/2025\/04\/news_9999.webp\" class=\"attachment-full size-full wp-image-12963\" alt=\"\" srcset=\"https:\/\/flaesh.com\/wp-content\/uploads\/2025\/04\/news_9999.webp 768w, https:\/\/flaesh.com\/wp-content\/uploads\/2025\/04\/news_9999-300x300.webp 300w, https:\/\/flaesh.com\/wp-content\/uploads\/2025\/04\/news_9999-150x150.webp 150w\" sizes=\"(max-width: 768px) 100vw, 768px\" \/><\/div><\/a>\n\t\t\t\t<div class=\"elementor-post__text\">\n\t\t\n\t\t<a class=\"elementor-post__read-more\" href=\"https:\/\/flaesh.com\/fr\/nous-aimons-vous-flash\/\" aria-label=\"En savoir plus sur Nous aimons vous fl\u00e4sh !\" tabindex=\"-1\" >\n\t\t\t&gt;\t\t<\/a>\n\n\t\t\t\t<\/div>\n\t\t\t\t\t<\/div>\n\t\t<\/article>\n\t\t\t\t<article class=\"elementor-post elementor-grid-item post-10484 post type-post status-publish format-standard has-post-thumbnail hentry category-non-categorise\" role=\"listitem\">\n\t\t\t<div class=\"elementor-post__card\">\n\t\t\t\t<a class=\"elementor-post__thumbnail__link\" href=\"https:\/\/flaesh.com\/fr\/ids-2025\/\" tabindex=\"-1\" ><div class=\"elementor-post__thumbnail\"><img loading=\"lazy\" decoding=\"async\" width=\"768\" height=\"768\" src=\"https:\/\/flaesh.com\/wp-content\/uploads\/2025\/04\/news_1234.webp\" class=\"attachment-full size-full wp-image-12959\" alt=\"\" srcset=\"https:\/\/flaesh.com\/wp-content\/uploads\/2025\/04\/news_1234.webp 768w, https:\/\/flaesh.com\/wp-content\/uploads\/2025\/04\/news_1234-300x300.webp 300w, https:\/\/flaesh.com\/wp-content\/uploads\/2025\/04\/news_1234-150x150.webp 150w\" sizes=\"(max-width: 768px) 100vw, 768px\" \/><\/div><\/a>\n\t\t\t\t<div class=\"elementor-post__text\">\n\t\t\n\t\t<a class=\"elementor-post__read-more\" href=\"https:\/\/flaesh.com\/fr\/ids-2025\/\" aria-label=\"En savoir plus sur IDS 2025\" tabindex=\"-1\" >\n\t\t\t&gt;\t\t<\/a>\n\n\t\t\t\t<\/div>\n\t\t\t\t\t<\/div>\n\t\t<\/article>\n\t\t\t\t<article class=\"elementor-post elementor-grid-item post-12599 post type-post status-publish format-standard has-post-thumbnail hentry category-1o-years category-10-ans\" role=\"listitem\">\n\t\t\t<div class=\"elementor-post__card\">\n\t\t\t\t<a class=\"elementor-post__thumbnail__link\" href=\"https:\/\/flaesh.com\/fr\/10-ans\/\" tabindex=\"-1\" ><div class=\"elementor-post__thumbnail\"><img loading=\"lazy\" decoding=\"async\" width=\"768\" height=\"768\" src=\"https:\/\/flaesh.com\/wp-content\/uploads\/2026\/01\/post_10_years.jpg\" class=\"attachment-full size-full wp-image-13424\" alt=\"\" srcset=\"https:\/\/flaesh.com\/wp-content\/uploads\/2026\/01\/post_10_years.jpg 768w, https:\/\/flaesh.com\/wp-content\/uploads\/2026\/01\/post_10_years-300x300.jpg 300w, https:\/\/flaesh.com\/wp-content\/uploads\/2026\/01\/post_10_years-150x150.jpg 150w\" sizes=\"(max-width: 768px) 100vw, 768px\" \/><\/div><\/a>\n\t\t\t\t<div class=\"elementor-post__text\">\n\t\t\n\t\t<a class=\"elementor-post__read-more\" href=\"https:\/\/flaesh.com\/fr\/10-ans\/\" aria-label=\"En savoir plus sur 10 ans d&rsquo;excellence\" tabindex=\"-1\" >\n\t\t\t&gt;\t\t<\/a>\n\n\t\t\t\t<\/div>\n\t\t\t\t\t<\/div>\n\t\t<\/article>\n\t\t\t\t<article class=\"elementor-post elementor-grid-item post-13203 post type-post status-publish format-standard hentry category-more-than\" role=\"listitem\">\n\t\t\t<div class=\"elementor-post__card\">\n\t\t\t\t<div class=\"elementor-post__text\">\n\t\t\n\t\t<a class=\"elementor-post__read-more\" href=\"https:\/\/flaesh.com\/fr\/through-the-eyes-of-a-dentist\/\" aria-label=\"En savoir plus sur Through the Eyes of a Dentist\" tabindex=\"-1\" >\n\t\t\t&gt;\t\t<\/a>\n\n\t\t\t\t<\/div>\n\t\t\t\t\t<\/div>\n\t\t<\/article>\n\t\t\t\t<\/div>\n\t\t\n\t\t\t\t\t\t<\/div>\n\t\t\t\t<\/div>\n\t\t\t\t\t<\/div>\n\t\t\t\t<\/div>\n\t\t\t\t<\/div>\n\t\t","protected":false},"excerpt":{"rendered":"","protected":false},"author":2,"featured_media":0,"parent":0,"menu_order":0,"comment_status":"closed","ping_status":"closed","template":"elementor_header_footer","meta":{"footnotes":""},"class_list":["post-10291","page","type-page","status-publish","hentry"],"_links":{"self":[{"href":"https:\/\/flaesh.com\/fr\/wp-json\/wp\/v2\/pages\/10291","targetHints":{"allow":["GET"]}}],"collection":[{"href":"https:\/\/flaesh.com\/fr\/wp-json\/wp\/v2\/pages"}],"about":[{"href":"https:\/\/flaesh.com\/fr\/wp-json\/wp\/v2\/types\/page"}],"author":[{"embeddable":true,"href":"https:\/\/flaesh.com\/fr\/wp-json\/wp\/v2\/users\/2"}],"replies":[{"embeddable":true,"href":"https:\/\/flaesh.com\/fr\/wp-json\/wp\/v2\/comments?post=10291"}],"version-history":[{"count":1,"href":"https:\/\/flaesh.com\/fr\/wp-json\/wp\/v2\/pages\/10291\/revisions"}],"predecessor-version":[{"id":11752,"href":"https:\/\/flaesh.com\/fr\/wp-json\/wp\/v2\/pages\/10291\/revisions\/11752"}],"wp:attachment":[{"href":"https:\/\/flaesh.com\/fr\/wp-json\/wp\/v2\/media?parent=10291"}],"curies":[{"name":"wp","href":"https:\/\/api.w.org\/{rel}","templated":true}]}}