{"id":10283,"date":"2024-12-16T18:24:00","date_gmt":"2024-12-16T17:24:00","guid":{"rendered":"https:\/\/flaesh.com\/contact\/"},"modified":"2025-03-26T07:04:09","modified_gmt":"2025-03-26T06:04:09","slug":"contact","status":"publish","type":"page","link":"https:\/\/flaesh.com\/fr\/contact\/","title":{"rendered":"Contact"},"content":{"rendered":"\t\t<div data-elementor-type=\"wp-page\" data-elementor-id=\"10283\" class=\"elementor elementor-10283 elementor-3312\" data-elementor-post-type=\"page\">\n\t\t\t\t<div class=\"elementor-element elementor-element-3f7b252 e-flex e-con-boxed e-con e-parent\" data-id=\"3f7b252\" data-element_type=\"container\" data-e-type=\"container\" data-settings=\"{&quot;background_background&quot;:&quot;gradient&quot;}\">\n\t\t\t\t\t<div class=\"e-con-inner\">\n\t\t<div class=\"elementor-element elementor-element-34d0bec9 e-con-full e-flex e-con e-child\" data-id=\"34d0bec9\" data-element_type=\"container\" data-e-type=\"container\">\n\t\t<div class=\"elementor-element elementor-element-704fa076 e-con-full e-flex e-con e-child\" data-id=\"704fa076\" data-element_type=\"container\" data-e-type=\"container\">\n\t\t\t\t<div class=\"elementor-element elementor-element-2cd08544 elementor-widget__width-initial elementor-widget elementor-widget-heading\" data-id=\"2cd08544\" data-element_type=\"widget\" data-e-type=\"widget\" data-widget_type=\"heading.default\">\n\t\t\t\t<div class=\"elementor-widget-container\">\n\t\t\t\t\t<h1 class=\"elementor-heading-title elementor-size-default\">Contact<\/h1>\t\t\t\t<\/div>\n\t\t\t\t<\/div>\n\t\t\t\t<div class=\"elementor-element elementor-element-98c9341 elementor-widget elementor-widget-shortcode\" data-id=\"98c9341\" data-element_type=\"widget\" data-e-type=\"widget\" data-widget_type=\"shortcode.default\">\n\t\t\t\t<div class=\"elementor-widget-container\">\n\t\t\t\t\t\t\t<div class=\"elementor-shortcode\">\n<div class=\"wpcf7 no-js\" id=\"wpcf7-f10187-o1\" lang=\"de-DE\" dir=\"ltr\" data-wpcf7-id=\"10187\">\n<div class=\"screen-reader-response\"><p role=\"status\" aria-live=\"polite\" aria-atomic=\"true\"><\/p> <ul><\/ul><\/div>\n<form action=\"\/fr\/wp-json\/wp\/v2\/pages\/10283#wpcf7-f10187-o1\" method=\"post\" class=\"wpcf7-form init\" aria-label=\"Kontaktformular\" novalidate=\"novalidate\" data-status=\"init\">\n<fieldset class=\"hidden-fields-container\"><input type=\"hidden\" name=\"_wpcf7\" value=\"10187\" \/><input type=\"hidden\" name=\"_wpcf7_version\" value=\"6.1.5\" \/><input type=\"hidden\" name=\"_wpcf7_locale\" value=\"de_DE\" \/><input type=\"hidden\" name=\"_wpcf7_unit_tag\" value=\"wpcf7-f10187-o1\" \/><input type=\"hidden\" name=\"_wpcf7_container_post\" value=\"0\" \/><input type=\"hidden\" name=\"_wpcf7_posted_data_hash\" value=\"\" \/>\n<\/fieldset>\n<p>Nom du cabinet\n<\/p>\n<p><span class=\"wpcf7-form-control-wrap\" data-name=\"praxisname\"><input size=\"40\" maxlength=\"400\" class=\"wpcf7-form-control wpcf7-text wpcf7-validates-as-required\" aria-required=\"true\" aria-invalid=\"false\" value=\"\" type=\"text\" name=\"praxisname\" \/><\/span>\n<\/p>\n<p>Pr\u00e9nom et nom (OBLIGATORIO)\n<\/p>\n<p><span class=\"wpcf7-form-control-wrap\" data-name=\"your-name\"><input size=\"40\" maxlength=\"400\" class=\"wpcf7-form-control wpcf7-text wpcf7-validates-as-required\" aria-required=\"true\" aria-invalid=\"false\" value=\"\" type=\"text\" name=\"your-name\" \/><\/span>\n<\/p>\n<p>E-Mail (OBLIGATORIO)\n<\/p>\n<p><span class=\"wpcf7-form-control-wrap\" data-name=\"your-email\"><input size=\"40\" maxlength=\"400\" class=\"wpcf7-form-control wpcf7-email wpcf7-validates-as-required wpcf7-text wpcf7-validates-as-email\" aria-required=\"true\" aria-invalid=\"false\" value=\"\" type=\"email\" name=\"your-email\" \/><\/span>\n<\/p>\n<p>Num\u00e9ro de t\u00e9l\u00e9phone\n<\/p>\n<p><span class=\"wpcf7-form-control-wrap\" data-name=\"telefonnummer\"><input size=\"40\" maxlength=\"400\" class=\"wpcf7-form-control wpcf7-tel wpcf7-validates-as-required wpcf7-text wpcf7-validates-as-tel\" aria-required=\"true\" aria-invalid=\"false\" value=\"\" type=\"tel\" name=\"telefonnummer\" \/><\/span>\n<\/p>\n<p>Message\n<\/p>\n<p><span class=\"wpcf7-form-control-wrap\" data-name=\"your-message\"><textarea cols=\"40\" rows=\"10\" maxlength=\"2000\" class=\"wpcf7-form-control wpcf7-textarea\" aria-invalid=\"false\" name=\"your-message\"><\/textarea><\/span>\n<\/p>\n<p><span class=\"wpcf7-form-control-wrap\" data-name=\"einwilligung-de\"><span class=\"wpcf7-form-control wpcf7-checkbox wpcf7-validates-as-required\"><span class=\"wpcf7-list-item first last\"><label><input type=\"checkbox\" name=\"einwilligung-de[]\" value=\"Consentement: je consens \u00e0 ce que mes coordonn\u00e9es soient transmises \u00e0 un partenaire commercial WHITEsmile pour m&#039;avoir contact\u00e9. Les donn\u00e9es ne seront utilis\u00e9es que pour vous contacter concernant vos coordonn\u00e9es. En Allemagne et en Autriche, les donn\u00e9es sont transmises \u00e0 bluedenta GmbH.\" \/><span class=\"wpcf7-list-item-label\">Consentement: je consens \u00e0 ce que mes coordonn\u00e9es soient transmises \u00e0 un partenaire commercial WHITEsmile pour m&#039;avoir contact\u00e9. Les donn\u00e9es ne seront utilis\u00e9es que pour vous contacter concernant vos coordonn\u00e9es. En Allemagne et en Autriche, les donn\u00e9es sont transmises \u00e0 bluedenta GmbH.<\/span><\/label><\/span><\/span><\/span>\n<\/p>\n<p><strong>Remarque:<\/strong> Vous pouvez r\u00e9voquer ce consentement \u00e0 tout moment avec effet futur en envoyant un e-mail \u00e0 kontakt@flaesh.com.\n<\/p>\n<p>Veuillez saisir le code suivant ci-dessous:\n<\/p>\n<p><input type=\"hidden\" name=\"_wpcf7_captcha_challenge_captcha-1\" value=\"233006651\" \/><img decoding=\"async\" class=\"wpcf7-form-control wpcf7-captchac wpcf7-captcha-captcha-1\" width=\"72\" height=\"24\" alt=\"captcha\" src=\"https:\/\/flaesh.com\/wp-content\/uploads\/wpcf7_captcha\/233006651.png\" \/><span class=\"wpcf7-form-control-wrap\" data-name=\"captcha-1\"><input size=\"40\" class=\"wpcf7-form-control wpcf7-captchar\" autocomplete=\"off\" aria-invalid=\"false\" value=\"\" type=\"text\" name=\"captcha-1\" \/><\/span>\n<\/p>\n<p><input class=\"wpcf7-form-control wpcf7-submit has-spinner\" type=\"submit\" value=\"Envoi\" \/>\n<\/p><div class=\"wpcf7-response-output\" aria-hidden=\"true\"><\/div>\n<\/form>\n<\/div>\n<\/div>\n\t\t\t\t\t\t<\/div>\n\t\t\t\t<\/div>\n\t\t\t\t<\/div>\n\t\t\t\t<\/div>\n\t\t\t\t\t<\/div>\n\t\t\t\t<\/div>\n\t\t<div class=\"elementor-element elementor-element-b8d6388 e-flex e-con-boxed e-con e-parent\" data-id=\"b8d6388\" data-element_type=\"container\" data-e-type=\"container\">\n\t\t\t\t\t<div class=\"e-con-inner\">\n\t\t\t\t\t<\/div>\n\t\t\t\t<\/div>\n\t\t\t\t<\/div>\n\t\t","protected":false},"excerpt":{"rendered":"<p>Contact<\/p>\n","protected":false},"author":2,"featured_media":0,"parent":0,"menu_order":0,"comment_status":"closed","ping_status":"closed","template":"elementor_header_footer","meta":{"footnotes":""},"class_list":["post-10283","page","type-page","status-publish","hentry"],"_links":{"self":[{"href":"https:\/\/flaesh.com\/fr\/wp-json\/wp\/v2\/pages\/10283","targetHints":{"allow":["GET"]}}],"collection":[{"href":"https:\/\/flaesh.com\/fr\/wp-json\/wp\/v2\/pages"}],"about":[{"href":"https:\/\/flaesh.com\/fr\/wp-json\/wp\/v2\/types\/page"}],"author":[{"embeddable":true,"href":"https:\/\/flaesh.com\/fr\/wp-json\/wp\/v2\/users\/2"}],"replies":[{"embeddable":true,"href":"https:\/\/flaesh.com\/fr\/wp-json\/wp\/v2\/comments?post=10283"}],"version-history":[{"count":6,"href":"https:\/\/flaesh.com\/fr\/wp-json\/wp\/v2\/pages\/10283\/revisions"}],"predecessor-version":[{"id":10389,"href":"https:\/\/flaesh.com\/fr\/wp-json\/wp\/v2\/pages\/10283\/revisions\/10389"}],"wp:attachment":[{"href":"https:\/\/flaesh.com\/fr\/wp-json\/wp\/v2\/media?parent=10283"}],"curies":[{"name":"wp","href":"https:\/\/api.w.org\/{rel}","templated":true}]}}