{"id":10282,"date":"2024-12-30T15:24:27","date_gmt":"2024-12-30T14:24:27","guid":{"rendered":"https:\/\/flaesh.com\/company\/"},"modified":"2025-03-26T07:00:35","modified_gmt":"2025-03-26T06:00:35","slug":"entreprise","status":"publish","type":"page","link":"https:\/\/flaesh.com\/fr\/entreprise\/","title":{"rendered":"Entreprise"},"content":{"rendered":"\t\t<div data-elementor-type=\"wp-page\" data-elementor-id=\"10282\" class=\"elementor elementor-10282 elementor-4046\" data-elementor-post-type=\"page\">\n\t\t\t\t<a class=\"elementor-element elementor-element-c8f1978 e-flex e-con-boxed e-con e-parent\" data-id=\"c8f1978\" data-element_type=\"container\" data-e-type=\"container\" data-settings=\"{&quot;background_background&quot;:&quot;gradient&quot;}\">\n\t\t\t\t\t<div class=\"e-con-inner\">\n\t\t<div class=\"elementor-element elementor-element-f8c11b5 e-con-full e-flex e-con e-child\" data-id=\"f8c11b5\" data-element_type=\"container\" data-e-type=\"container\">\n\t\t\t\t<div class=\"elementor-element elementor-element-aca921a elementor-widget__width-initial elementor-widget elementor-widget-heading\" data-id=\"aca921a\" data-element_type=\"widget\" data-e-type=\"widget\" data-widget_type=\"heading.default\">\n\t\t\t\t<div class=\"elementor-widget-container\">\n\t\t\t\t\t<h1 class=\"elementor-heading-title elementor-size-default\">Blanchiment dentaire professionnel\nAvec plus de 30 ans d'exp\u00e9rience \u2013 Fabriqu\u00e9 en Allemagne<\/h1>\t\t\t\t<\/div>\n\t\t\t\t<\/div>\n\t\t\t\t<div class=\"elementor-element elementor-element-e8262bd elementor-widget elementor-widget-text-editor\" data-id=\"e8262bd\" data-element_type=\"widget\" data-e-type=\"widget\" data-widget_type=\"text-editor.default\">\n\t\t\t\t<div class=\"elementor-widget-container\">\n\t\t\t\t\t\t\t\t\tWHITEsmile GmbH a \u00e9t\u00e9 fond\u00e9e en 1994 en tant que l&rsquo;une des premi\u00e8res entreprises d\u00e9di\u00e9es au blanchiment dentaire professionnel. Notre objectif a toujours \u00e9t\u00e9 de soutenir les dentistes dans la cr\u00e9ation de sourires plus \u00e9clatants pour leurs patients. En tant qu&rsquo;entreprise priv\u00e9e, nous traitons nos clients, employ\u00e9s et partenaires comme des membres de la famille WHITEsmile. Bas\u00e9e \u00e0 Birkenau, en Allemagne, nous avons lanc\u00e9 notre syst\u00e8me de blanchiment dentaire premium fl\u00e4sh en 2016, confirmant ainsi notre engagement envers l&rsquo;innovation et l&rsquo;excellence. Les produits WHITEsmile sont vendus dans plus de 70 pays.\t\t\t\t\t\t\t\t<\/div>\n\t\t\t\t<\/div>\n\t\t<div class=\"elementor-element elementor-element-aa36428 e-con-full e-flex e-con e-child\" data-id=\"aa36428\" data-element_type=\"container\" data-e-type=\"container\">\n\t\t<div class=\"elementor-element elementor-element-b2c360f e-con-full e-flex e-con e-child\" data-id=\"b2c360f\" data-element_type=\"container\" data-e-type=\"container\">\n\t\t\t\t<div class=\"elementor-element elementor-element-3b675c9 elementor-widget elementor-widget-image\" data-id=\"3b675c9\" data-element_type=\"widget\" data-e-type=\"widget\" data-widget_type=\"image.default\">\n\t\t\t\t<div class=\"elementor-widget-container\">\n\t\t\t\t\t\t\t\t\t\t\t\t\t\t\t<img fetchpriority=\"high\" decoding=\"async\" width=\"800\" height=\"534\" src=\"https:\/\/flaesh.com\/wp-content\/uploads\/2025\/03\/whitesmile_benno_walter.webp\" class=\"attachment-large size-large wp-image-7770\" alt=\"\" srcset=\"https:\/\/flaesh.com\/wp-content\/uploads\/2025\/03\/whitesmile_benno_walter.webp 1024w, https:\/\/flaesh.com\/wp-content\/uploads\/2025\/03\/whitesmile_benno_walter-300x200.webp 300w, https:\/\/flaesh.com\/wp-content\/uploads\/2025\/03\/whitesmile_benno_walter-768x512.webp 768w\" sizes=\"(max-width: 800px) 100vw, 800px\" \/>\t\t\t\t\t\t\t\t\t\t\t\t\t\t\t<\/div>\n\t\t\t\t<\/div>\n\t\t\t\t<div class=\"elementor-element elementor-element-87dc227 elementor-widget__width-initial elementor-widget elementor-widget-heading\" data-id=\"87dc227\" data-element_type=\"widget\" data-e-type=\"widget\" data-widget_type=\"heading.default\">\n\t\t\t\t<div class=\"elementor-widget-container\">\n\t\t\t\t\t<h1 class=\"elementor-heading-title elementor-size-default\">Benno Walter<br>CEO WHITEsmile GmbH\n<\/h1>\t\t\t\t<\/div>\n\t\t\t\t<\/div>\n\t\t\t\t<\/div>\n\t\t<div class=\"elementor-element elementor-element-b640aee e-con-full e-flex e-con e-child\" data-id=\"b640aee\" data-element_type=\"container\" data-e-type=\"container\">\n\t\t\t\t<div class=\"elementor-element elementor-element-324ffdd elementor-widget elementor-widget-image\" data-id=\"324ffdd\" data-element_type=\"widget\" data-e-type=\"widget\" data-widget_type=\"image.default\">\n\t\t\t\t<div class=\"elementor-widget-container\">\n\t\t\t\t\t\t\t\t\t\t\t\t\t\t\t<img decoding=\"async\" width=\"800\" height=\"534\" src=\"https:\/\/flaesh.com\/wp-content\/uploads\/2025\/03\/whitesmile_joerg_haist.webp\" class=\"attachment-large size-large wp-image-7774\" alt=\"\" srcset=\"https:\/\/flaesh.com\/wp-content\/uploads\/2025\/03\/whitesmile_joerg_haist.webp 1024w, https:\/\/flaesh.com\/wp-content\/uploads\/2025\/03\/whitesmile_joerg_haist-300x200.webp 300w, https:\/\/flaesh.com\/wp-content\/uploads\/2025\/03\/whitesmile_joerg_haist-768x512.webp 768w\" sizes=\"(max-width: 800px) 100vw, 800px\" \/>\t\t\t\t\t\t\t\t\t\t\t\t\t\t\t<\/div>\n\t\t\t\t<\/div>\n\t\t\t\t<div class=\"elementor-element elementor-element-6ff7dde elementor-widget__width-initial elementor-widget elementor-widget-heading\" data-id=\"6ff7dde\" data-element_type=\"widget\" data-e-type=\"widget\" data-widget_type=\"heading.default\">\n\t\t\t\t<div class=\"elementor-widget-container\">\n\t\t\t\t\t<h1 class=\"elementor-heading-title elementor-size-default\">J\u00f6rg Haist<br>COO WHITEsmile GmbH<\/h1>\t\t\t\t<\/div>\n\t\t\t\t<\/div>\n\t\t\t\t<\/div>\n\t\t\t\t<\/div>\n\t\t\t\t<\/div>\n\t\t\t\t\t<\/div>\n\t\t\t\t<\/a>\n\t\t<a class=\"elementor-element elementor-element-800c590 e-flex e-con-boxed e-con e-parent\" data-id=\"800c590\" data-element_type=\"container\" data-e-type=\"container\" data-settings=\"{&quot;background_background&quot;:&quot;gradient&quot;}\">\n\t\t\t\t\t<div class=\"e-con-inner\">\n\t\t<div class=\"elementor-element elementor-element-021cf8c e-con-full e-flex e-con e-child\" data-id=\"021cf8c\" data-element_type=\"container\" data-e-type=\"container\">\n\t\t\t\t<div class=\"elementor-element elementor-element-55ced1a elementor-widget__width-initial elementor-widget elementor-widget-heading\" data-id=\"55ced1a\" data-element_type=\"widget\" data-e-type=\"widget\" data-widget_type=\"heading.default\">\n\t\t\t\t<div class=\"elementor-widget-container\">\n\t\t\t\t\t<h1 class=\"elementor-heading-title elementor-size-default\">Mission, Vision et Valeurs\n\n\n\n<\/h1>\t\t\t\t<\/div>\n\t\t\t\t<\/div>\n\t\t\t\t<div class=\"elementor-element elementor-element-474720d elementor-widget elementor-widget-text-editor\" data-id=\"474720d\" data-element_type=\"widget\" data-e-type=\"widget\" data-widget_type=\"text-editor.default\">\n\t\t\t\t<div class=\"elementor-widget-container\">\n\t\t\t\t\t\t\t\t\tNotre mission chez WHITEsmile est de r\u00e9volutionner le blanchiment dentaire professionnel en offrant des solutions fiables, innovantes et de confiance qui renforcent la confiance des patients, \u00e9l\u00e8vent la sant\u00e9 bucco-dentaire et permettent aux professionnels dentaires de cr\u00e9er des sourires plus \u00e9clatants et plus beaux chaque jour.\n\nNotre vision est de diriger le blanchiment dentaire mondial en inspirant des fans enthousiastes \u2014 des patients qui adorent leurs r\u00e9sultats, des professionnels qui font confiance \u00e0 notre fiabilit\u00e9, des employ\u00e9s qui s\u2019\u00e9panouissent avec un objectif, et des partenaires qui partagent notre passion pour l\u2019excellence. Ensemble, nous cr\u00e9ons des sourires plus lumineux et des avenirs plus brillants.\n\nNos valeurs reposent sur la fiabilit\u00e9, l&rsquo;innovation, la qualit\u00e9 et la confiance. Nous nous effor\u00e7ons de d\u00e9passer les attentes en fournissant des solutions avanc\u00e9es de blanchiment dentaire qui permettent aux professionnels dentaires et renforcent la confiance des patients. La collaboration est au c\u0153ur de notre approche : nous travaillons en \u00e9troite collaboration avec nos employ\u00e9s, partenaires et la communaut\u00e9 dentaire mondiale pour maintenir l&rsquo;excellence dans tout ce que nous faisons. En d\u00e9fendant ces valeurs, nous cr\u00e9ons un environnement favorable o\u00f9 les id\u00e9es prosp\u00e8rent, les sourires plus brillants deviennent r\u00e9alit\u00e9, et le succ\u00e8s partag\u00e9 nous propulse tous vers l\u2019avant.\n\nBenno Walter, CEO WHITEsmile GmbH\t\t\t\t\t\t\t\t<\/div>\n\t\t\t\t<\/div>\n\t\t\t\t<\/div>\n\t\t\t\t\t<\/div>\n\t\t\t\t<\/a>\n\t\t<a class=\"elementor-element elementor-element-80c08ae e-flex e-con-boxed e-con e-parent\" data-id=\"80c08ae\" data-element_type=\"container\" data-e-type=\"container\" data-settings=\"{&quot;background_background&quot;:&quot;gradient&quot;}\">\n\t\t\t\t\t<div class=\"e-con-inner\">\n\t\t<div class=\"elementor-element elementor-element-fce73e6 e-con-full e-flex e-con e-child\" data-id=\"fce73e6\" data-element_type=\"container\" data-e-type=\"container\">\n\t\t\t\t<div class=\"elementor-element elementor-element-691d222 elementor-widget__width-initial elementor-widget elementor-widget-heading\" data-id=\"691d222\" data-element_type=\"widget\" data-e-type=\"widget\" data-widget_type=\"heading.default\">\n\t\t\t\t<div class=\"elementor-widget-container\">\n\t\t\t\t\t<h1 class=\"elementor-heading-title elementor-size-default\">Classification des produits de blanchiment dentaire dans l'Union Europ\u00e9enne\n\n\n\n<\/h1>\t\t\t\t<\/div>\n\t\t\t\t<\/div>\n\t\t\t\t<div class=\"elementor-element elementor-element-cd7e86b elementor-widget elementor-widget-text-editor\" data-id=\"cd7e86b\" data-element_type=\"widget\" data-e-type=\"widget\" data-widget_type=\"text-editor.default\">\n\t\t\t\t<div class=\"elementor-widget-container\">\n\t\t\t\t\t\t\t\t\t<p>Les produits de blanchiment dans l&rsquo;UE contenant entre 0,1 % et 6 % de peroxyde d&rsquo;hydrog\u00e8ne sont class\u00e9s comme des produits cosm\u00e9tiques selon la directive cosm\u00e9tique 2011\/84\/UE. Les produits de blanchiment de cette concentration ne peuvent \u00eatre utilis\u00e9s que sur des patients de plus de 18 ans et doivent \u00eatre vendus uniquement par des dentistes. Nos produits de blanchiment dentaire m\u00e9dicaux contenant plus de 6 % de peroxyde d&rsquo;hydrog\u00e8ne sont consid\u00e9r\u00e9s comme des dispositifs m\u00e9dicaux dans l&rsquo;Union Europ\u00e9enne et ne peuvent \u00eatre utilis\u00e9s que sur indication m\u00e9dicale. Les dispositions nationales doivent \u00eatre respect\u00e9es et peuvent diff\u00e9rer de la r\u00e8gle g\u00e9n\u00e9rale de l&rsquo;UE. WHITEsmile est agr\u00e9\u00e9 \u00e0 la fois en tant que fabricant de cosm\u00e9tiques et de dispositifs m\u00e9dicaux. En dehors de l&rsquo;UE, les r\u00e8gles locales nationales s&rsquo;appliquent.<\/p>\t\t\t\t\t\t\t\t<\/div>\n\t\t\t\t<\/div>\n\t\t\t\t<\/div>\n\t\t\t\t\t<\/div>\n\t\t\t\t<\/a>\n\t\t<a class=\"elementor-element elementor-element-4aecc0d e-flex e-con-boxed e-con e-parent\" data-id=\"4aecc0d\" data-element_type=\"container\" data-e-type=\"container\" data-settings=\"{&quot;background_background&quot;:&quot;gradient&quot;}\">\n\t\t\t\t\t<div class=\"e-con-inner\">\n\t\t<div class=\"elementor-element elementor-element-699e1cc e-con-full e-flex e-con e-child\" data-id=\"699e1cc\" data-element_type=\"container\" data-e-type=\"container\">\n\t\t\t\t<div class=\"elementor-element elementor-element-bde39d3 elementor-widget__width-initial elementor-widget-tablet__width-inherit elementor-widget elementor-widget-image\" data-id=\"bde39d3\" data-element_type=\"widget\" data-e-type=\"widget\" data-widget_type=\"image.default\">\n\t\t\t\t<div class=\"elementor-widget-container\">\n\t\t\t\t\t\t\t\t\t\t\t\t\t\t\t<img decoding=\"async\" width=\"768\" height=\"768\" src=\"https:\/\/flaesh.com\/wp-content\/uploads\/2024\/09\/news_2.webp\" class=\"attachment-large size-large wp-image-7302\" alt=\"\" srcset=\"https:\/\/flaesh.com\/wp-content\/uploads\/2024\/09\/news_2.webp 768w, https:\/\/flaesh.com\/wp-content\/uploads\/2024\/09\/news_2-300x300.webp 300w, https:\/\/flaesh.com\/wp-content\/uploads\/2024\/09\/news_2-150x150.webp 150w\" sizes=\"(max-width: 768px) 100vw, 768px\" \/>\t\t\t\t\t\t\t\t\t\t\t\t\t\t\t<\/div>\n\t\t\t\t<\/div>\n\t\t\t\t<\/div>\n\t\t<div class=\"elementor-element elementor-element-25a10e4 e-con-full e-flex e-con e-child\" data-id=\"25a10e4\" data-element_type=\"container\" data-e-type=\"container\">\n\t\t\t\t<div class=\"elementor-element elementor-element-f81d792 elementor-widget__width-initial elementor-widget elementor-widget-heading\" data-id=\"f81d792\" data-element_type=\"widget\" data-e-type=\"widget\" data-widget_type=\"heading.default\">\n\t\t\t\t<div class=\"elementor-widget-container\">\n\t\t\t\t\t<h1 class=\"elementor-heading-title elementor-size-default\">WHITEsmile fait don de sourires !\n\n\n\n<\/h1>\t\t\t\t<\/div>\n\t\t\t\t<\/div>\n\t\t\t\t<div class=\"elementor-element elementor-element-01cec9b elementor-widget-laptop__width-initial elementor-widget elementor-widget-text-editor\" data-id=\"01cec9b\" data-element_type=\"widget\" data-e-type=\"widget\" data-widget_type=\"text-editor.default\">\n\t\t\t\t<div class=\"elementor-widget-container\">\n\t\t\t\t\t\t\t\t\tNous soutenons le travail de KINDERNOTHILFE en parrainant 25 enfants vivant dans la pauvret\u00e9 \u00e0 travers le monde.\n\nwww.kindernothilfe.de\t\t\t\t\t\t\t\t<\/div>\n\t\t\t\t<\/div>\n\t\t\t\t<\/div>\n\t\t\t\t\t<\/div>\n\t\t\t\t<\/a>\n\t\t\t\t<\/div>\n\t\t","protected":false},"excerpt":{"rendered":"<p>Blanchiment dentaire professionnel Avec plus de 30 ans d&rsquo;exp\u00e9rience \u2013 Fabriqu\u00e9 en Allemagne WHITEsmile GmbH a \u00e9t\u00e9 fond\u00e9e en 1994 en tant que l&rsquo;une des premi\u00e8res entreprises d\u00e9di\u00e9es au blanchiment dentaire professionnel. Notre objectif a toujours \u00e9t\u00e9 de soutenir les dentistes dans la cr\u00e9ation de sourires plus \u00e9clatants pour leurs patients. En tant qu&rsquo;entreprise priv\u00e9e, [&hellip;]<\/p>\n","protected":false},"author":2,"featured_media":0,"parent":0,"menu_order":0,"comment_status":"closed","ping_status":"closed","template":"elementor_header_footer","meta":{"footnotes":""},"class_list":["post-10282","page","type-page","status-publish","hentry"],"_links":{"self":[{"href":"https:\/\/flaesh.com\/fr\/wp-json\/wp\/v2\/pages\/10282","targetHints":{"allow":["GET"]}}],"collection":[{"href":"https:\/\/flaesh.com\/fr\/wp-json\/wp\/v2\/pages"}],"about":[{"href":"https:\/\/flaesh.com\/fr\/wp-json\/wp\/v2\/types\/page"}],"author":[{"embeddable":true,"href":"https:\/\/flaesh.com\/fr\/wp-json\/wp\/v2\/users\/2"}],"replies":[{"embeddable":true,"href":"https:\/\/flaesh.com\/fr\/wp-json\/wp\/v2\/comments?post=10282"}],"version-history":[{"count":6,"href":"https:\/\/flaesh.com\/fr\/wp-json\/wp\/v2\/pages\/10282\/revisions"}],"predecessor-version":[{"id":10385,"href":"https:\/\/flaesh.com\/fr\/wp-json\/wp\/v2\/pages\/10282\/revisions\/10385"}],"wp:attachment":[{"href":"https:\/\/flaesh.com\/fr\/wp-json\/wp\/v2\/media?parent=10282"}],"curies":[{"name":"wp","href":"https:\/\/api.w.org\/{rel}","templated":true}]}}