{"id":8910,"date":"2024-12-16T18:24:45","date_gmt":"2024-12-16T17:24:45","guid":{"rendered":"https:\/\/dev.flaesh.com\/whitening-toothpaste\/"},"modified":"2025-05-28T15:34:34","modified_gmt":"2025-05-28T13:34:34","slug":"whitening-zahnpasta","status":"publish","type":"page","link":"https:\/\/flaesh.com\/de\/whitening-zahnpasta\/","title":{"rendered":"Whitening Zahnpasta"},"content":{"rendered":"\t\t<div data-elementor-type=\"wp-page\" data-elementor-id=\"8910\" class=\"elementor elementor-8910 elementor-3315\" data-elementor-post-type=\"page\">\n\t\t\t\t<div class=\"elementor-element elementor-element-4bdea668 e-con-full e-flex e-con e-parent\" data-id=\"4bdea668\" data-element_type=\"container\" data-e-type=\"container\">\n\t\t<div class=\"elementor-element elementor-element-7dc60bc0 e-flex e-con-boxed e-con e-child\" data-id=\"7dc60bc0\" data-element_type=\"container\" data-e-type=\"container\">\n\t\t\t\t\t<div class=\"e-con-inner\">\n\t\t<div class=\"elementor-element elementor-element-15b10eba e-con-full e-flex e-con e-child\" data-id=\"15b10eba\" data-element_type=\"container\" data-e-type=\"container\">\n\t\t\t\t<div class=\"elementor-element elementor-element-59da351 elementor-widget__width-initial elementor-widget-laptop__width-initial elementor-widget elementor-widget-image\" data-id=\"59da351\" data-element_type=\"widget\" data-e-type=\"widget\" data-widget_type=\"image.default\">\n\t\t\t\t<div class=\"elementor-widget-container\">\n\t\t\t\t\t\t\t\t\t\t\t\t\t\t\t<img fetchpriority=\"high\" decoding=\"async\" width=\"768\" height=\"768\" src=\"https:\/\/flaesh.com\/wp-content\/uploads\/2025\/03\/ICON_NEW_FORMULAR.webp\" class=\"attachment-large size-large wp-image-7243\" alt=\"\" srcset=\"https:\/\/flaesh.com\/wp-content\/uploads\/2025\/03\/ICON_NEW_FORMULAR.webp 768w, https:\/\/flaesh.com\/wp-content\/uploads\/2025\/03\/ICON_NEW_FORMULAR-300x300.webp 300w, https:\/\/flaesh.com\/wp-content\/uploads\/2025\/03\/ICON_NEW_FORMULAR-150x150.webp 150w\" sizes=\"(max-width: 768px) 100vw, 768px\" \/>\t\t\t\t\t\t\t\t\t\t\t\t\t\t\t<\/div>\n\t\t\t\t<\/div>\n\t\t\t\t<div class=\"elementor-element elementor-element-f894ce9 elementor-widget__width-initial elementor-widget elementor-widget-heading\" data-id=\"f894ce9\" data-element_type=\"widget\" data-e-type=\"widget\" data-widget_type=\"heading.default\">\n\t\t\t\t<div class=\"elementor-widget-container\">\n\t\t\t\t\t<h1 class=\"elementor-heading-title elementor-size-default\">Whitening Zahnpasta<\/h1>\t\t\t\t<\/div>\n\t\t\t\t<\/div>\n\t\t\t\t<div class=\"elementor-element elementor-element-6a157495 elementor-widget__width-initial elementor-widget elementor-widget-heading\" data-id=\"6a157495\" data-element_type=\"widget\" data-e-type=\"widget\" data-widget_type=\"heading.default\">\n\t\t\t\t<div class=\"elementor-widget-container\">\n\t\t\t\t\t<h1 class=\"elementor-heading-title elementor-size-default\">Care &amp; Repair<\/h1>\t\t\t\t<\/div>\n\t\t\t\t<\/div>\n\t\t\t\t<div class=\"elementor-element elementor-element-bfcc573 elementor-widget__width-initial elementor-widget-laptop__width-initial elementor-widget elementor-widget-heading\" data-id=\"bfcc573\" data-element_type=\"widget\" data-e-type=\"widget\" data-widget_type=\"heading.default\">\n\t\t\t\t<div class=\"elementor-widget-container\">\n\t\t\t\t\t<h1 class=\"elementor-heading-title elementor-size-default\">Erfrischend LIME-MINT<\/h1>\t\t\t\t<\/div>\n\t\t\t\t<\/div>\n\t\t\t\t<\/div>\n\t\t<div class=\"elementor-element elementor-element-5f6e5112 e-con-full e-flex e-con e-child\" data-id=\"5f6e5112\" data-element_type=\"container\" data-e-type=\"container\">\n\t\t\t\t<div class=\"elementor-element elementor-element-5448209e elementor-widget__width-initial elementor-widget elementor-widget-image\" data-id=\"5448209e\" data-element_type=\"widget\" data-e-type=\"widget\" data-widget_type=\"image.default\">\n\t\t\t\t<div class=\"elementor-widget-container\">\n\t\t\t\t\t\t\t\t\t\t\t\t\t\t\t<img decoding=\"async\" width=\"738\" height=\"1024\" src=\"https:\/\/flaesh.com\/wp-content\/uploads\/2024\/11\/flaesh_tp_limemint-738x1024.webp\" class=\"attachment-large size-large wp-image-6787\" alt=\"\" srcset=\"https:\/\/flaesh.com\/wp-content\/uploads\/2024\/11\/flaesh_tp_limemint-738x1024.webp 738w, https:\/\/flaesh.com\/wp-content\/uploads\/2024\/11\/flaesh_tp_limemint-216x300.webp 216w, https:\/\/flaesh.com\/wp-content\/uploads\/2024\/11\/flaesh_tp_limemint-768x1066.webp 768w, https:\/\/flaesh.com\/wp-content\/uploads\/2024\/11\/flaesh_tp_limemint-1106x1536.webp 1106w, https:\/\/flaesh.com\/wp-content\/uploads\/2024\/11\/flaesh_tp_limemint-1475x2048.webp 1475w, https:\/\/flaesh.com\/wp-content\/uploads\/2024\/11\/flaesh_tp_limemint.webp 1785w\" sizes=\"(max-width: 738px) 100vw, 738px\" \/>\t\t\t\t\t\t\t\t\t\t\t\t\t\t\t<\/div>\n\t\t\t\t<\/div>\n\t\t\t\t<\/div>\n\t\t\t\t\t<\/div>\n\t\t\t\t<\/div>\n\t\t\t\t<\/div>\n\t\t<div class=\"elementor-element elementor-element-3c3018f0 e-flex e-con-boxed e-con e-parent\" data-id=\"3c3018f0\" data-element_type=\"container\" data-e-type=\"container\" data-settings=\"{&quot;background_background&quot;:&quot;gradient&quot;}\">\n\t\t\t\t\t<div class=\"e-con-inner\">\n\t\t<div class=\"elementor-element elementor-element-26b15ff5 e-con-full e-flex e-con e-child\" data-id=\"26b15ff5\" data-element_type=\"container\" data-e-type=\"container\">\n\t\t\t\t<div class=\"elementor-element elementor-element-6278e754 elementor-widget__width-initial elementor-widget elementor-widget-heading\" data-id=\"6278e754\" data-element_type=\"widget\" data-e-type=\"widget\" data-widget_type=\"heading.default\">\n\t\t\t\t<div class=\"elementor-widget-container\">\n\t\t\t\t\t<h1 class=\"elementor-heading-title elementor-size-default\">Die beste Pflege\nnach <br>der Zahnaufhellung\n<\/h1>\t\t\t\t<\/div>\n\t\t\t\t<\/div>\n\t\t\t\t<div class=\"elementor-element elementor-element-2c803759 elementor-widget elementor-widget-text-editor\" data-id=\"2c803759\" data-element_type=\"widget\" data-e-type=\"widget\" data-widget_type=\"text-editor.default\">\n\t\t\t\t<div class=\"elementor-widget-container\">\n\t\t\t\t\t\t\t\t\t<p>Ideal vor und nach Aufhellungsbehandlungen \u2013 fu\u0308r den t\u00e4glichen<br \/>Gebrauch, auch bei empfindlichen Z\u00e4hnen. St\u00e4rkt den Zahnschmelz<br \/>mit 17 % Hydroxylapatit. Doppelte Kariesprophylaxe mit Natriumfluorid<br \/>(1100 ppm F-) und 30 % Xylit. Unterstu\u0308tzt den Speichelfluss zur<br \/>Remineralisierung. Frei von SLS, Triclosan und Bleichmitteln, mit milde Putzk\u00f6rper.<\/p>\t\t\t\t\t\t\t\t<\/div>\n\t\t\t\t<\/div>\n\t\t\t\t<div class=\"elementor-element elementor-element-e6b6678 elementor-widget__width-initial elementor-widget elementor-widget-text-editor\" data-id=\"e6b6678\" data-element_type=\"widget\" data-e-type=\"widget\" data-widget_type=\"text-editor.default\">\n\t\t\t\t<div class=\"elementor-widget-container\">\n\t\t\t\t\t\t\t\t\t<p>Ohne Titandioxid. Schu\u0308tzt vor neuer\u00a0<span style=\"color: var( --e-global-color-primary ); font-family: var( --e-global-typography-0a912ae-font-family ), Sans-serif; font-size: var( --e-global-typography-0a912ae-font-size ); text-align: var(--text-align); background-color: transparent;\">Zahnsteinneubildung.<\/span><\/p>\t\t\t\t\t\t\t\t<\/div>\n\t\t\t\t<\/div>\n\t\t\t\t<\/div>\n\t\t<div class=\"elementor-element elementor-element-7ed90852 e-con-full e-flex e-con e-child\" data-id=\"7ed90852\" data-element_type=\"container\" data-e-type=\"container\">\n\t\t\t\t<div class=\"elementor-element elementor-element-5151b654 elementor-hidden-tablet elementor-hidden-mobile elementor-widget elementor-widget-image\" data-id=\"5151b654\" data-element_type=\"widget\" data-e-type=\"widget\" data-widget_type=\"image.default\">\n\t\t\t\t<div class=\"elementor-widget-container\">\n\t\t\t\t\t\t\t\t\t\t\t\t\t\t\t\t<a href=\"https:\/\/flaesh.com\/whitening-lamp\/\">\n\t\t\t\t\t\t\t<img decoding=\"async\" width=\"800\" height=\"800\" src=\"https:\/\/flaesh.com\/wp-content\/uploads\/2024\/11\/flaesh_icon_tp.webp\" class=\"attachment-large size-large wp-image-6755\" alt=\"\" srcset=\"https:\/\/flaesh.com\/wp-content\/uploads\/2024\/11\/flaesh_icon_tp.webp 800w, https:\/\/flaesh.com\/wp-content\/uploads\/2024\/11\/flaesh_icon_tp-300x300.webp 300w, https:\/\/flaesh.com\/wp-content\/uploads\/2024\/11\/flaesh_icon_tp-150x150.webp 150w, https:\/\/flaesh.com\/wp-content\/uploads\/2024\/11\/flaesh_icon_tp-768x768.webp 768w\" sizes=\"(max-width: 800px) 100vw, 800px\" \/>\t\t\t\t\t\t\t\t<\/a>\n\t\t\t\t\t\t\t\t\t\t\t\t\t\t\t<\/div>\n\t\t\t\t<\/div>\n\t\t\t\t<\/div>\n\t\t\t\t\t<\/div>\n\t\t\t\t<\/div>\n\t\t<div class=\"elementor-element elementor-element-257f18a e-flex e-con-boxed e-con e-parent\" data-id=\"257f18a\" data-element_type=\"container\" data-e-type=\"container\" data-settings=\"{&quot;background_background&quot;:&quot;gradient&quot;}\">\n\t\t\t\t\t<div class=\"e-con-inner\">\n\t\t<div class=\"elementor-element elementor-element-2664af8f e-con-full e-flex e-con e-child\" data-id=\"2664af8f\" data-element_type=\"container\" data-e-type=\"container\">\n\t\t<div class=\"elementor-element elementor-element-39b87605 e-con-full e-flex e-con e-child\" data-id=\"39b87605\" data-element_type=\"container\" data-e-type=\"container\">\n\t\t\t\t<div class=\"elementor-element elementor-element-65a7c00d elementor-align-left elementor-widget elementor-widget-button\" data-id=\"65a7c00d\" data-element_type=\"widget\" data-e-type=\"widget\" data-widget_type=\"button.default\">\n\t\t\t\t<div class=\"elementor-widget-container\">\n\t\t\t\t\t\t\t\t\t<div class=\"elementor-button-wrapper\">\n\t\t\t\t\t<a class=\"elementor-button elementor-button-link elementor-size-sm\" href=\"https:\/\/flaesh.com\/wp-content\/uploads\/2025\/03\/901A4-flaesh-catalogue-deutsch.pdf\" target=\"_blank\">\n\t\t\t\t\t\t<span class=\"elementor-button-content-wrapper\">\n\t\t\t\t\t\t<span class=\"elementor-button-icon\">\n\t\t\t\t<svg aria-hidden=\"true\" class=\"e-font-icon-svg e-far-arrow-alt-circle-right\" viewBox=\"0 0 512 512\" xmlns=\"http:\/\/www.w3.org\/2000\/svg\"><path d=\"M504 256C504 119 393 8 256 8S8 119 8 256s111 248 248 248 248-111 248-248zm-448 0c0-110.5 89.5-200 200-200s200 89.5 200 200-89.5 200-200 200S56 366.5 56 256zm72 20v-40c0-6.6 5.4-12 12-12h116v-67c0-10.7 12.9-16 20.5-8.5l99 99c4.7 4.7 4.7 12.3 0 17l-99 99c-7.6 7.6-20.5 2.2-20.5-8.5v-67H140c-6.6 0-12-5.4-12-12z\"><\/path><\/svg>\t\t\t<\/span>\n\t\t\t\t\t\t\t\t\t<span class=\"elementor-button-text\">Katalog Deutsch<\/span>\n\t\t\t\t\t<\/span>\n\t\t\t\t\t<\/a>\n\t\t\t\t<\/div>\n\t\t\t\t\t\t\t\t<\/div>\n\t\t\t\t<\/div>\n\t\t\t\t<\/div>\n\t\t\t\t<\/div>\n\t\t<div class=\"elementor-element elementor-element-180aba2 e-con-full e-flex e-con e-child\" data-id=\"180aba2\" data-element_type=\"container\" data-e-type=\"container\">\n\t\t<div class=\"elementor-element elementor-element-85b1be7 e-con-full e-flex e-con e-child\" data-id=\"85b1be7\" data-element_type=\"container\" data-e-type=\"container\">\n\t\t\t\t<div class=\"elementor-element elementor-element-6ba39c5 elementor-widget elementor-widget-heading\" data-id=\"6ba39c5\" data-element_type=\"widget\" data-e-type=\"widget\" data-widget_type=\"heading.default\">\n\t\t\t\t<div class=\"elementor-widget-container\">\n\t\t\t\t\t<h2 class=\"elementor-heading-title elementor-size-default\"><a href=\"https:\/\/flaesh.com\/de\/fuer-zahnarztpraxen\/#furtherlanguagesdent\">Hier finden Sie den Katalog in 28 Sprachen.<\/a><\/h2>\t\t\t\t<\/div>\n\t\t\t\t<\/div>\n\t\t\t\t<\/div>\n\t\t\t\t<\/div>\n\t\t\t\t\t<\/div>\n\t\t\t\t<\/div>\n\t\t<div class=\"elementor-element elementor-element-34358516 e-flex e-con-boxed e-con e-parent\" data-id=\"34358516\" data-element_type=\"container\" data-e-type=\"container\" data-settings=\"{&quot;background_background&quot;:&quot;classic&quot;}\">\n\t\t\t\t\t<div class=\"e-con-inner\">\n\t\t<div class=\"elementor-element elementor-element-26f49198 e-con-full e-flex e-con e-child\" data-id=\"26f49198\" data-element_type=\"container\" data-e-type=\"container\">\n\t\t<div class=\"elementor-element elementor-element-a7ca3b4 e-con-full e-flex e-con e-child\" data-id=\"a7ca3b4\" data-element_type=\"container\" data-e-type=\"container\">\n\t\t\t\t<div class=\"elementor-element elementor-element-786415f1 elementor-widget elementor-widget-image\" data-id=\"786415f1\" data-element_type=\"widget\" data-e-type=\"widget\" data-widget_type=\"image.default\">\n\t\t\t\t<div class=\"elementor-widget-container\">\n\t\t\t\t\t\t\t\t\t\t\t\t\t\t\t\t<a href=\"https:\/\/flaesh.com\/distribution-local-dealers\/\">\n\t\t\t\t\t\t\t<img loading=\"lazy\" decoding=\"async\" width=\"800\" height=\"441\" src=\"https:\/\/flaesh.com\/wp-content\/uploads\/2024\/12\/flaesh_worldwide_map-1024x564.webp\" class=\"attachment-large size-large wp-image-6931\" alt=\"\" srcset=\"https:\/\/flaesh.com\/wp-content\/uploads\/2024\/12\/flaesh_worldwide_map-1024x564.webp 1024w, https:\/\/flaesh.com\/wp-content\/uploads\/2024\/12\/flaesh_worldwide_map-300x165.webp 300w, https:\/\/flaesh.com\/wp-content\/uploads\/2024\/12\/flaesh_worldwide_map-768x423.webp 768w, https:\/\/flaesh.com\/wp-content\/uploads\/2024\/12\/flaesh_worldwide_map-1536x846.webp 1536w, https:\/\/flaesh.com\/wp-content\/uploads\/2024\/12\/flaesh_worldwide_map.webp 1780w\" sizes=\"(max-width: 800px) 100vw, 800px\" \/>\t\t\t\t\t\t\t\t<\/a>\n\t\t\t\t\t\t\t\t\t\t\t\t\t\t\t<\/div>\n\t\t\t\t<\/div>\n\t\t\t\t<\/div>\n\t\t<div class=\"elementor-element elementor-element-47a57b e-con-full e-flex e-con e-child\" data-id=\"47a57b\" data-element_type=\"container\" data-e-type=\"container\">\n\t\t\t\t<div class=\"elementor-element elementor-element-75c00bef elementor-widget__width-inherit elementor-widget elementor-widget-heading\" data-id=\"75c00bef\" data-element_type=\"widget\" data-e-type=\"widget\" data-widget_type=\"heading.default\">\n\t\t\t\t<div class=\"elementor-widget-container\">\n\t\t\t\t\t<h2 class=\"elementor-heading-title elementor-size-default\">F\u00fcr Zahnarztpraxen<\/h2>\t\t\t\t<\/div>\n\t\t\t\t<\/div>\n\t\t\t\t<div class=\"elementor-element elementor-element-16dd879 elementor-widget elementor-widget-text-editor\" data-id=\"16dd879\" data-element_type=\"widget\" data-e-type=\"widget\" data-widget_type=\"text-editor.default\">\n\t\t\t\t<div class=\"elementor-widget-container\">\n\t\t\t\t\t\t\t\t\t<p>Finden Sie Ihren lokalen H\u00e4ndler &amp; Vertriebspartner weltweit. F\u00fcr weitere Produktinformationen, Marketing und Support kontaktieren Sie uns bitte per E-Mail.<\/p>\t\t\t\t\t\t\t\t<\/div>\n\t\t\t\t<\/div>\n\t\t\t\t<div class=\"elementor-element elementor-element-6fa9075a elementor-widget__width-inherit elementor-view-default elementor-widget elementor-widget-icon\" data-id=\"6fa9075a\" data-element_type=\"widget\" data-e-type=\"widget\" data-widget_type=\"icon.default\">\n\t\t\t\t<div class=\"elementor-widget-container\">\n\t\t\t\t\t\t\t<div class=\"elementor-icon-wrapper\">\n\t\t\t<a class=\"elementor-icon\" href=\"https:\/\/flaesh.com\/de\/haendler\/\">\n\t\t\t<svg aria-hidden=\"true\" class=\"e-font-icon-svg e-far-arrow-alt-circle-right\" viewBox=\"0 0 512 512\" xmlns=\"http:\/\/www.w3.org\/2000\/svg\"><path d=\"M504 256C504 119 393 8 256 8S8 119 8 256s111 248 248 248 248-111 248-248zm-448 0c0-110.5 89.5-200 200-200s200 89.5 200 200-89.5 200-200 200S56 366.5 56 256zm72 20v-40c0-6.6 5.4-12 12-12h116v-67c0-10.7 12.9-16 20.5-8.5l99 99c4.7 4.7 4.7 12.3 0 17l-99 99c-7.6 7.6-20.5 2.2-20.5-8.5v-67H140c-6.6 0-12-5.4-12-12z\"><\/path><\/svg>\t\t\t<\/a>\n\t\t<\/div>\n\t\t\t\t\t\t<\/div>\n\t\t\t\t<\/div>\n\t\t\t\t<\/div>\n\t\t\t\t<\/div>\n\t\t\t\t\t<\/div>\n\t\t\t\t<\/div>\n\t\t\t\t<\/div>\n\t\t","protected":false},"excerpt":{"rendered":"<p>Whitening Zahnpasta Care &amp; Repair Erfrischend LIME-MINT Die beste Pflege nach der Zahnaufhellung Ideal vor und nach Aufhellungsbehandlungen \u2013 fu\u0308r den t\u00e4glichen Gebrauch, auch bei empfindlichen Z\u00e4hnen. St\u00e4rkt den Zahnschmelz mit 17 % Hydroxylapatit. Doppelte Kariesprophylaxe mit Natriumfluorid (1100 ppm F-) und 30 % Xylit. Unterstu\u0308tzt den Speichelfluss zur Remineralisierung. Frei von SLS, Triclosan und [&hellip;]<\/p>\n","protected":false},"author":2,"featured_media":0,"parent":0,"menu_order":0,"comment_status":"closed","ping_status":"closed","template":"elementor_header_footer","meta":{"footnotes":""},"class_list":["post-8910","page","type-page","status-publish","hentry"],"_links":{"self":[{"href":"https:\/\/flaesh.com\/de\/wp-json\/wp\/v2\/pages\/8910","targetHints":{"allow":["GET"]}}],"collection":[{"href":"https:\/\/flaesh.com\/de\/wp-json\/wp\/v2\/pages"}],"about":[{"href":"https:\/\/flaesh.com\/de\/wp-json\/wp\/v2\/types\/page"}],"author":[{"embeddable":true,"href":"https:\/\/flaesh.com\/de\/wp-json\/wp\/v2\/users\/2"}],"replies":[{"embeddable":true,"href":"https:\/\/flaesh.com\/de\/wp-json\/wp\/v2\/comments?post=8910"}],"version-history":[{"count":4,"href":"https:\/\/flaesh.com\/de\/wp-json\/wp\/v2\/pages\/8910\/revisions"}],"predecessor-version":[{"id":12213,"href":"https:\/\/flaesh.com\/de\/wp-json\/wp\/v2\/pages\/8910\/revisions\/12213"}],"wp:attachment":[{"href":"https:\/\/flaesh.com\/de\/wp-json\/wp\/v2\/media?parent=8910"}],"curies":[{"name":"wp","href":"https:\/\/api.w.org\/{rel}","templated":true}]}}