{"id":8750,"date":"2025-03-10T19:58:49","date_gmt":"2025-03-10T18:58:49","guid":{"rendered":"https:\/\/dev.flaesh.com\/sponsoring\/"},"modified":"2025-05-28T15:40:52","modified_gmt":"2025-05-28T13:40:52","slug":"sponsoring","status":"publish","type":"page","link":"https:\/\/flaesh.com\/de\/sponsoring\/","title":{"rendered":"Sponsoring"},"content":{"rendered":"\t\t<div data-elementor-type=\"wp-page\" data-elementor-id=\"8750\" class=\"elementor elementor-8750 elementor-6243\" data-elementor-post-type=\"page\">\n\t\t\t\t<a class=\"elementor-element elementor-element-c8f1978 e-flex e-con-boxed e-con e-parent\" data-id=\"c8f1978\" data-element_type=\"container\" data-e-type=\"container\" data-settings=\"{&quot;background_background&quot;:&quot;gradient&quot;}\">\n\t\t\t\t\t<div class=\"e-con-inner\">\n\t\t<div class=\"elementor-element elementor-element-f8c11b5 e-con-full e-flex e-con e-child\" data-id=\"f8c11b5\" data-element_type=\"container\" data-e-type=\"container\">\n\t\t\t\t<div class=\"elementor-element elementor-element-aca921a elementor-widget__width-initial elementor-widget elementor-widget-heading\" data-id=\"aca921a\" data-element_type=\"widget\" data-e-type=\"widget\" data-widget_type=\"heading.default\">\n\t\t\t\t<div class=\"elementor-widget-container\">\n\t\t\t\t\t<h1 class=\"elementor-heading-title elementor-size-default\">fl\u00e4sh Professional Tooth Whitening &amp; Professional Tennis<\/h1>\t\t\t\t<\/div>\n\t\t\t\t<\/div>\n\t\t\t\t<div class=\"elementor-element elementor-element-e8262bd elementor-widget elementor-widget-text-editor\" data-id=\"e8262bd\" data-element_type=\"widget\" data-e-type=\"widget\" data-widget_type=\"text-editor.default\">\n\t\t\t\t<div class=\"elementor-widget-container\">\n\t\t\t\t\t\t\t\t\t<p class=\"\" data-start=\"0\" data-end=\"414\">Seit 2020 ist fl\u00e4sh stolzer Sponsor des internationalen Tennissports. Unsere Reise im Profitennis begann bereits in den Jahren 2017 bis 2019 mit der Unterst\u00fctzung des fl\u00e4sh TC Weinheim in der Deutschen Tennis-Teammeisterschaft. Einige Spieler dieses Teams sind heute erfolgreich auf der ATP-Tour unterwegs \u2013 darunter <strong data-start=\"317\" data-end=\"332\">Casper Ruud<\/strong>, <strong data-start=\"334\" data-end=\"354\">Yannick Hanfmann<\/strong>, <strong data-start=\"356\" data-end=\"372\">John Millman<\/strong> sowie Doppelspezialist <strong data-start=\"396\" data-end=\"413\">Sadio Doumbia<\/strong>.<\/p><p class=\"\" data-start=\"416\" data-end=\"510\">Ab April 2025 begr\u00fc\u00dfen wir ein neues Mitglied im fl\u00e4sh Tennis Team: <strong data-start=\"484\" data-end=\"509\">Diego Dedura<\/strong>.<\/p>\t\t\t\t\t\t\t\t<\/div>\n\t\t\t\t<\/div>\n\t\t\t\t<\/div>\n\t\t\t\t\t<\/div>\n\t\t\t\t<\/a>\n\t\t<a class=\"elementor-element elementor-element-eeff23c e-flex e-con-boxed e-con e-parent\" data-id=\"eeff23c\" data-element_type=\"container\" data-e-type=\"container\" data-settings=\"{&quot;background_background&quot;:&quot;gradient&quot;}\">\n\t\t\t\t\t<div class=\"e-con-inner\">\n\t\t<div class=\"elementor-element elementor-element-732d11f e-con-full e-flex e-con e-child\" data-id=\"732d11f\" data-element_type=\"container\" data-e-type=\"container\">\n\t\t\t\t<div class=\"elementor-element elementor-element-34f8e35 elementor-widget__width-initial elementor-widget elementor-widget-heading\" data-id=\"34f8e35\" data-element_type=\"widget\" data-e-type=\"widget\" data-widget_type=\"heading.default\">\n\t\t\t\t<div class=\"elementor-widget-container\">\n\t\t\t\t\t<h1 class=\"elementor-heading-title elementor-size-default\">Diego Dedura (Deutschland)\n\n<\/h1>\t\t\t\t<\/div>\n\t\t\t\t<\/div>\n\t\t\t\t<div class=\"elementor-element elementor-element-b43251e elementor-widget elementor-widget-text-editor\" data-id=\"b43251e\" data-element_type=\"widget\" data-e-type=\"widget\" data-widget_type=\"text-editor.default\">\n\t\t\t\t<div class=\"elementor-widget-container\">\n\t\t\t\t\t\t\t\t\tIm Jahr 2025 wurde Diego unser dritter von fl\u00e4sh gesponserter Spieler auf der ATP-Tour. Diego (17) hat gerade seinen Durchbruch im April 2025 mit seinem ersten ATP-Sieg auf der Tour in M\u00fcnchen geschafft. Wir freuen uns, Teil der jungen Karriere eines aufstrebenden Stars zu sein. Mit seiner bodenst\u00e4ndigen Pers\u00f6nlichkeit ist Diego ein toller Botschafter f\u00fcr fl\u00e4sh. Wir w\u00fcnschen Diego alles Gute f\u00fcr die kommenden Turniere und freuen uns auf eine gemeinsame Zukunft. Willkommen im fl\u00e4sh Team!\n\n\t\t\t\t\t\t\t\t<\/div>\n\t\t\t\t<\/div>\n\t\t\t\t<\/div>\n\t\t<div class=\"elementor-element elementor-element-c175188 e-con-full e-flex e-con e-child\" data-id=\"c175188\" data-element_type=\"container\" data-e-type=\"container\">\n\t\t\t\t<div class=\"elementor-element elementor-element-009661b elementor-widget elementor-widget-image\" data-id=\"009661b\" data-element_type=\"widget\" data-e-type=\"widget\" data-widget_type=\"image.default\">\n\t\t\t\t<div class=\"elementor-widget-container\">\n\t\t\t\t\t\t\t\t\t\t\t\t\t\t\t<img fetchpriority=\"high\" decoding=\"async\" width=\"800\" height=\"800\" src=\"https:\/\/flaesh.com\/wp-content\/uploads\/2025\/04\/tennis_2.webp\" class=\"attachment-large size-large wp-image-11673\" alt=\"\" srcset=\"https:\/\/flaesh.com\/wp-content\/uploads\/2025\/04\/tennis_2.webp 1024w, https:\/\/flaesh.com\/wp-content\/uploads\/2025\/04\/tennis_2-300x300.webp 300w, https:\/\/flaesh.com\/wp-content\/uploads\/2025\/04\/tennis_2-150x150.webp 150w, https:\/\/flaesh.com\/wp-content\/uploads\/2025\/04\/tennis_2-768x768.webp 768w\" sizes=\"(max-width: 800px) 100vw, 800px\" \/>\t\t\t\t\t\t\t\t\t\t\t\t\t\t\t<\/div>\n\t\t\t\t<\/div>\n\t\t\t\t<div class=\"elementor-element elementor-element-bad6bdd elementor-widget elementor-widget-heading\" data-id=\"bad6bdd\" data-element_type=\"widget\" data-e-type=\"widget\" data-widget_type=\"heading.default\">\n\t\t\t\t<div class=\"elementor-widget-container\">\n\t\t\t\t\t<h2 class=\"elementor-heading-title elementor-size-default\">Image: Getty Images for BMW\n\n<\/h2>\t\t\t\t<\/div>\n\t\t\t\t<\/div>\n\t\t\t\t<\/div>\n\t\t\t\t\t<\/div>\n\t\t\t\t<\/a>\n\t\t<a class=\"elementor-element elementor-element-ebb4575 e-flex e-con-boxed e-con e-parent\" data-id=\"ebb4575\" data-element_type=\"container\" data-e-type=\"container\" data-settings=\"{&quot;background_background&quot;:&quot;gradient&quot;}\">\n\t\t\t\t\t<div class=\"e-con-inner\">\n\t\t<div class=\"elementor-element elementor-element-b63ed13 e-con-full e-flex e-con e-child\" data-id=\"b63ed13\" data-element_type=\"container\" data-e-type=\"container\">\n\t\t\t\t<div class=\"elementor-element elementor-element-1b3eb08 elementor-widget__width-initial elementor-widget elementor-widget-heading\" data-id=\"1b3eb08\" data-element_type=\"widget\" data-e-type=\"widget\" data-widget_type=\"heading.default\">\n\t\t\t\t<div class=\"elementor-widget-container\">\n\t\t\t\t\t<h1 class=\"elementor-heading-title elementor-size-default\">Yannick Hanfmann (Deutschland)\n<\/h1>\t\t\t\t<\/div>\n\t\t\t\t<\/div>\n\t\t\t\t<div class=\"elementor-element elementor-element-6a69fb8 elementor-widget elementor-widget-text-editor\" data-id=\"6a69fb8\" data-element_type=\"widget\" data-e-type=\"widget\" data-widget_type=\"text-editor.default\">\n\t\t\t\t<div class=\"elementor-widget-container\">\n\t\t\t\t\t\t\t\t\tIm Jahr 2024 wurde Yannick unser zweiter von fl\u00e4sh gesponserter Spieler auf der ATP-Tour. Genau wie John war Yannick zuvor Teil des fl\u00e4sh TC Weinheim Bundesliga-Teams und erreichte eine Karriereh\u00f6chstplatzierung von Weltranglistenplatz 45. Zudem vertritt er Deutschland im Davis Cup. Mit seinem au\u00dfergew\u00f6hnlichen Spielstil und seiner vorbildlichen Einstellung auf und neben dem Platz ist Yannick der perfekte Botschafter f\u00fcr fl\u00e4sh. Wir freuen uns darauf, gemeinsam viele Siege zu feiern, und blicken einer fantastischen langfristigen Partnerschaft entgegen!\t\t\t\t\t\t\t\t<\/div>\n\t\t\t\t<\/div>\n\t\t\t\t<\/div>\n\t\t<div class=\"elementor-element elementor-element-1a1ab4d e-con-full e-flex e-con e-child\" data-id=\"1a1ab4d\" data-element_type=\"container\" data-e-type=\"container\">\n\t\t\t\t<div class=\"elementor-element elementor-element-73d228b elementor-widget elementor-widget-image\" data-id=\"73d228b\" data-element_type=\"widget\" data-e-type=\"widget\" data-widget_type=\"image.default\">\n\t\t\t\t<div class=\"elementor-widget-container\">\n\t\t\t\t\t\t\t\t\t\t\t\t\t\t\t<img decoding=\"async\" width=\"768\" height=\"768\" src=\"https:\/\/flaesh.com\/wp-content\/uploads\/2025\/03\/yannik_hanfmann.-flaesh_1.webp\" class=\"attachment-large size-large wp-image-7343\" alt=\"\" srcset=\"https:\/\/flaesh.com\/wp-content\/uploads\/2025\/03\/yannik_hanfmann.-flaesh_1.webp 768w, https:\/\/flaesh.com\/wp-content\/uploads\/2025\/03\/yannik_hanfmann.-flaesh_1-300x300.webp 300w, https:\/\/flaesh.com\/wp-content\/uploads\/2025\/03\/yannik_hanfmann.-flaesh_1-150x150.webp 150w\" sizes=\"(max-width: 768px) 100vw, 768px\" \/>\t\t\t\t\t\t\t\t\t\t\t\t\t\t\t<\/div>\n\t\t\t\t<\/div>\n\t\t\t\t<\/div>\n\t\t\t\t\t<\/div>\n\t\t\t\t<\/a>\n\t\t<a class=\"elementor-element elementor-element-e671e7b e-flex e-con-boxed e-con e-parent\" data-id=\"e671e7b\" data-element_type=\"container\" data-e-type=\"container\" data-settings=\"{&quot;background_background&quot;:&quot;gradient&quot;}\">\n\t\t\t\t\t<div class=\"e-con-inner\">\n\t\t<div class=\"elementor-element elementor-element-10c1672 e-con-full e-flex e-con e-child\" data-id=\"10c1672\" data-element_type=\"container\" data-e-type=\"container\">\n\t\t\t\t<div class=\"elementor-element elementor-element-e7b74e2 elementor-widget__width-initial elementor-widget elementor-widget-heading\" data-id=\"e7b74e2\" data-element_type=\"widget\" data-e-type=\"widget\" data-widget_type=\"heading.default\">\n\t\t\t\t<div class=\"elementor-widget-container\">\n\t\t\t\t\t<h1 class=\"elementor-heading-title elementor-size-default\">John Millman (Australien)\n<\/h1>\t\t\t\t<\/div>\n\t\t\t\t<\/div>\n\t\t\t\t<div class=\"elementor-element elementor-element-f8c73e1 elementor-widget elementor-widget-text-editor\" data-id=\"f8c73e1\" data-element_type=\"widget\" data-e-type=\"widget\" data-widget_type=\"text-editor.default\">\n\t\t\t\t<div class=\"elementor-widget-container\">\n\t\t\t\t\t\t\t\t\t<p class=\"\" data-start=\"100\" data-end=\"583\">Auf dem H\u00f6hepunkt seiner Karriere erreichte John Platz 33 der ATP-Weltrangliste \u2013 und war von 2020 bis 2024 unser erster offizieller fl\u00e4sh-Markenbotschafter auf der ATP Tour. Es war uns eine gro\u00dfe Ehre, ihn auf diesem Weg begleiten zu d\u00fcrfen. Als Publikumsliebling, bekannt unter dem Spitznamen \u201eMillmania\u201c, hat er die Herzen vieler Fans erobert. Sein unerm\u00fcdlicher Einsatz, seine Disziplin und seine Leidenschaft sind ein leuchtendes Beispiel f\u00fcr echten Sportsgeist und F\u00fchrung.\u00a0<span style=\"background-color: transparent;\">Danke, John, f\u00fcr deine jahrelange Treue, deine Unterst\u00fctzung und die echte Freundschaft. Wir w\u00fcnschen dir von Herzen alles Gute, viel Erfolg und Erf\u00fcllung f\u00fcr die Zeit nach dem Profi-Tennis!<\/span><\/p>\t\t\t\t\t\t\t\t<\/div>\n\t\t\t\t<\/div>\n\t\t\t\t<\/div>\n\t\t<div class=\"elementor-element elementor-element-f296efd e-con-full e-flex e-con e-child\" data-id=\"f296efd\" data-element_type=\"container\" data-e-type=\"container\">\n\t\t\t\t<div class=\"elementor-element elementor-element-f864c1e elementor-widget elementor-widget-image\" data-id=\"f864c1e\" data-element_type=\"widget\" data-e-type=\"widget\" data-widget_type=\"image.default\">\n\t\t\t\t<div class=\"elementor-widget-container\">\n\t\t\t\t\t\t\t\t\t\t\t\t\t\t\t<img decoding=\"async\" width=\"768\" height=\"768\" src=\"https:\/\/flaesh.com\/wp-content\/uploads\/2025\/03\/yannik_hanfmann.-flaesh_2.webp\" class=\"attachment-large size-large wp-image-7347\" alt=\"\" srcset=\"https:\/\/flaesh.com\/wp-content\/uploads\/2025\/03\/yannik_hanfmann.-flaesh_2.webp 768w, https:\/\/flaesh.com\/wp-content\/uploads\/2025\/03\/yannik_hanfmann.-flaesh_2-300x300.webp 300w, https:\/\/flaesh.com\/wp-content\/uploads\/2025\/03\/yannik_hanfmann.-flaesh_2-150x150.webp 150w\" sizes=\"(max-width: 768px) 100vw, 768px\" \/>\t\t\t\t\t\t\t\t\t\t\t\t\t\t\t<\/div>\n\t\t\t\t<\/div>\n\t\t\t\t<\/div>\n\t\t\t\t\t<\/div>\n\t\t\t\t<\/a>\n\t\t<a class=\"elementor-element elementor-element-7e239d7 e-flex e-con-boxed e-con e-parent\" data-id=\"7e239d7\" data-element_type=\"container\" data-e-type=\"container\" data-settings=\"{&quot;background_background&quot;:&quot;gradient&quot;}\">\n\t\t\t\t\t<div class=\"e-con-inner\">\n\t\t<div class=\"elementor-element elementor-element-7dda2d9 e-con-full e-flex e-con e-child\" data-id=\"7dda2d9\" data-element_type=\"container\" data-e-type=\"container\">\n\t\t\t\t<div class=\"elementor-element elementor-element-6658353 elementor-widget elementor-widget-text-editor\" data-id=\"6658353\" data-element_type=\"widget\" data-e-type=\"widget\" data-widget_type=\"text-editor.default\">\n\t\t\t\t<div class=\"elementor-widget-container\">\n\t\t\t\t\t\t\t\t\t<p>Tennis ist eine pers\u00f6nliche Leidenschaft von WHITEsmile-Inhaber <strong data-start=\"64\" data-end=\"80\">Benno Walter<\/strong> \u2013 und zugleich die Lieblingssportart vieler unserer Kundinnen und Kunden. Wir freuen uns, diesen dynamischen Sport weiterhin zu unterst\u00fctzen und gemeinsam mit Tennisfans weltweit den Platz \u2013 und sch\u00f6ne L\u00e4cheln \u2013 zu teilen.<\/p>\t\t\t\t\t\t\t\t<\/div>\n\t\t\t\t<\/div>\n\t\t\t\t<\/div>\n\t\t\t\t\t<\/div>\n\t\t\t\t<\/a>\n\t\t\t\t<\/div>\n\t\t","protected":false},"excerpt":{"rendered":"<p>fl\u00e4sh Professional Tooth Whitening &amp; Professional Tennis Seit 2020 ist fl\u00e4sh stolzer Sponsor des internationalen Tennissports. Unsere Reise im Profitennis begann bereits in den Jahren 2017 bis 2019 mit der Unterst\u00fctzung des fl\u00e4sh TC Weinheim in der Deutschen Tennis-Teammeisterschaft. Einige Spieler dieses Teams sind heute erfolgreich auf der ATP-Tour unterwegs \u2013 darunter Casper Ruud, Yannick [&hellip;]<\/p>\n","protected":false},"author":2,"featured_media":0,"parent":0,"menu_order":0,"comment_status":"closed","ping_status":"closed","template":"elementor_header_footer","meta":{"footnotes":""},"class_list":["post-8750","page","type-page","status-publish","hentry"],"_links":{"self":[{"href":"https:\/\/flaesh.com\/de\/wp-json\/wp\/v2\/pages\/8750","targetHints":{"allow":["GET"]}}],"collection":[{"href":"https:\/\/flaesh.com\/de\/wp-json\/wp\/v2\/pages"}],"about":[{"href":"https:\/\/flaesh.com\/de\/wp-json\/wp\/v2\/types\/page"}],"author":[{"embeddable":true,"href":"https:\/\/flaesh.com\/de\/wp-json\/wp\/v2\/users\/2"}],"replies":[{"embeddable":true,"href":"https:\/\/flaesh.com\/de\/wp-json\/wp\/v2\/comments?post=8750"}],"version-history":[{"count":25,"href":"https:\/\/flaesh.com\/de\/wp-json\/wp\/v2\/pages\/8750\/revisions"}],"predecessor-version":[{"id":12216,"href":"https:\/\/flaesh.com\/de\/wp-json\/wp\/v2\/pages\/8750\/revisions\/12216"}],"wp:attachment":[{"href":"https:\/\/flaesh.com\/de\/wp-json\/wp\/v2\/media?parent=8750"}],"curies":[{"name":"wp","href":"https:\/\/api.w.org\/{rel}","templated":true}]}}