{"id":12224,"date":"2025-06-04T10:12:56","date_gmt":"2025-06-04T08:12:56","guid":{"rendered":"https:\/\/flaesh.com\/?page_id=12224"},"modified":"2025-06-04T10:20:11","modified_gmt":"2025-06-04T08:20:11","slug":"stellenangebote","status":"publish","type":"page","link":"https:\/\/flaesh.com\/de\/stellenangebote\/","title":{"rendered":"Stellenangebote"},"content":{"rendered":"\t\t<div data-elementor-type=\"wp-page\" data-elementor-id=\"12224\" class=\"elementor elementor-12224\" data-elementor-post-type=\"page\">\n\t\t\t\t<a class=\"elementor-element elementor-element-c8f1978 e-flex e-con-boxed e-con e-parent\" data-id=\"c8f1978\" data-element_type=\"container\" data-e-type=\"container\" data-settings=\"{&quot;background_background&quot;:&quot;gradient&quot;}\">\n\t\t\t\t\t<div class=\"e-con-inner\">\n\t\t<div class=\"elementor-element elementor-element-f8c11b5 e-con-full e-flex e-con e-child\" data-id=\"f8c11b5\" data-element_type=\"container\" data-e-type=\"container\">\n\t\t\t\t<div class=\"elementor-element elementor-element-aca921a elementor-widget__width-initial elementor-widget elementor-widget-heading\" data-id=\"aca921a\" data-element_type=\"widget\" data-e-type=\"widget\" data-widget_type=\"heading.default\">\n\t\t\t\t<div class=\"elementor-widget-container\">\n\t\t\t\t\t<h1 class=\"elementor-heading-title elementor-size-default\">Produktionsmitarbeiter\/-in, Vollzeit (m\/w\/d)<\/h1>\t\t\t\t<\/div>\n\t\t\t\t<\/div>\n\t\t\t\t<div class=\"elementor-element elementor-element-e8262bd elementor-widget elementor-widget-text-editor\" data-id=\"e8262bd\" data-element_type=\"widget\" data-e-type=\"widget\" data-widget_type=\"text-editor.default\">\n\t\t\t\t<div class=\"elementor-widget-container\">\n\t\t\t\t\t\t\t\t\t<p><strong>Standort: <\/strong><br \/>Carlebachm\u00fchle, Birkenau<\/p><p><strong>\u00dcber uns:<\/strong><br \/>Bei WhiteSmile dreht sich alles um das strahlende L\u00e4cheln! Als Hersteller von Made-in-Germany-Zahnaufhellungsprodukten, erweitern wir unser Team und suchen engagierte Talente, die unsere Leidenschaft f\u00fcr Qualit\u00e4t und Kundenorientierung teilen. Wir suchen Unterst\u00fctzung bei der Produktion, die vielf\u00e4ltige Aufgaben in der Produktabf\u00fcllung, Etikettierung und Verpackung umfasst. Erfahrungen im innerbetrieblichen Transportwesen sind erw\u00fcnscht, aber nicht zwingend. Weitere Vorkenntnisse oder Ausbildungen sind nicht zwingend erforderlich.<\/p><p><strong>Wir bieten:<\/strong><\/p><ul><li>Eine attraktive Position in unserem modernen Standort Carlebachm\u00fchle in Birkenau.<\/li><li>Bevorzugt Vollzeit, Teilzeit ist auch m\u00f6glich.<\/li><li>Ein freundliches und unterst\u00fctzendes Team, das Wert auf Qualit\u00e4t legt.<\/li><\/ul><p>\u00a0<\/p><p>Klingt das nach Ihrem Traumjob? Dann werden Sie Teil unseres Teams!<\/p><p>Bitte senden Sie Ihre Bewerbung per E-Mail an: personal@whitesmile.de.<\/p><p><strong>Wir freuen uns darauf, Sie kennenzulernen!<\/strong><\/p>\t\t\t\t\t\t\t\t<\/div>\n\t\t\t\t<\/div>\n\t\t\t\t<\/div>\n\t\t\t\t\t<\/div>\n\t\t\t\t<\/a>\n\t\t\t\t<\/div>\n\t\t","protected":false},"excerpt":{"rendered":"<p>Produktionsmitarbeiter\/-in, Vollzeit (m\/w\/d) Standort: Carlebachm\u00fchle, Birkenau \u00dcber uns:Bei WhiteSmile dreht sich alles um das strahlende L\u00e4cheln! Als Hersteller von Made-in-Germany-Zahnaufhellungsprodukten, erweitern wir unser Team und suchen engagierte Talente, die unsere Leidenschaft f\u00fcr Qualit\u00e4t und Kundenorientierung teilen. Wir suchen Unterst\u00fctzung bei der Produktion, die vielf\u00e4ltige Aufgaben in der Produktabf\u00fcllung, Etikettierung und Verpackung umfasst. Erfahrungen im innerbetrieblichen [&hellip;]<\/p>\n","protected":false},"author":2,"featured_media":0,"parent":0,"menu_order":0,"comment_status":"closed","ping_status":"closed","template":"elementor_header_footer","meta":{"footnotes":""},"class_list":["post-12224","page","type-page","status-publish","hentry"],"_links":{"self":[{"href":"https:\/\/flaesh.com\/de\/wp-json\/wp\/v2\/pages\/12224","targetHints":{"allow":["GET"]}}],"collection":[{"href":"https:\/\/flaesh.com\/de\/wp-json\/wp\/v2\/pages"}],"about":[{"href":"https:\/\/flaesh.com\/de\/wp-json\/wp\/v2\/types\/page"}],"author":[{"embeddable":true,"href":"https:\/\/flaesh.com\/de\/wp-json\/wp\/v2\/users\/2"}],"replies":[{"embeddable":true,"href":"https:\/\/flaesh.com\/de\/wp-json\/wp\/v2\/comments?post=12224"}],"version-history":[{"count":10,"href":"https:\/\/flaesh.com\/de\/wp-json\/wp\/v2\/pages\/12224\/revisions"}],"predecessor-version":[{"id":12235,"href":"https:\/\/flaesh.com\/de\/wp-json\/wp\/v2\/pages\/12224\/revisions\/12235"}],"wp:attachment":[{"href":"https:\/\/flaesh.com\/de\/wp-json\/wp\/v2\/media?parent=12224"}],"curies":[{"name":"wp","href":"https:\/\/api.w.org\/{rel}","templated":true}]}}